{"id":136,"date":"2024-03-21T14:24:00","date_gmt":"2024-03-21T14:24:00","guid":{"rendered":"https:\/\/pakod.hu\/?page_id=136"},"modified":"2024-04-26T10:57:32","modified_gmt":"2024-04-26T10:57:32","slug":"kozsegunkrol","status":"publish","type":"page","link":"https:\/\/pakod.hu\/index.php\/kozsegunkrol\/","title":{"rendered":"K\u00d6ZS\u00c9G\u00dcNKR\u0150L"},"content":{"rendered":"<p><b>Pakod<\/b>\u00a0<a title=\"K\u00f6zs\u00e9g\" href=\"https:\/\/hu.wikipedia.org\/wiki\/K%C3%B6zs%C3%A9g\">k\u00f6zs\u00e9g<\/a>\u00a0<a title=\"Zala v\u00e1rmegye\" href=\"https:\/\/hu.wikipedia.org\/wiki\/Zala_v%C3%A1rmegye\">Zala v\u00e1rmegy\u00e9ben<\/a>, a\u00a0<a title=\"Zalaszentgr\u00f3ti j\u00e1r\u00e1s\" href=\"https:\/\/hu.wikipedia.org\/wiki\/Zalaszentgr%C3%B3ti_j%C3%A1r%C3%A1s\">Zalaszentgr\u00f3ti j\u00e1r\u00e1sban<\/a>.<br \/>\n<a href=\"https:\/\/hu.wikipedia.org\/wiki\/Pakod\">Wikipedia.org<\/a><\/p>\n<h2><span id=\"Fekv.C3.A9se\"><\/span><span id=\"Fekv\u00e9se\" class=\"mw-headline\">Fekv\u00e9se<\/span><\/h2>\n<p>A k\u00f6zs\u00e9g a Zalai borvid\u00e9khez tartoz\u00f3 Cs\u00e1fordi-hegy nyugati l\u00e1b\u00e1n\u00e1l, a\u00a0<a title=\"Zala (foly\u00f3)\" href=\"https:\/\/hu.wikipedia.org\/wiki\/Zala_(foly%C3%B3)\">Zala<\/a>\u00a0foly\u00f3 k\u00e9t partj\u00e1n,\u00a0<a title=\"D\u00f6tk\" href=\"https:\/\/hu.wikipedia.org\/wiki\/D%C3%B6tk\">D\u00f6tkt\u00f3l<\/a>\u00a0\u00e9szakra,\u00a0<a title=\"Zalab\u00e9r\" href=\"https:\/\/hu.wikipedia.org\/wiki\/Zalab%C3%A9r\">Zalab\u00e9rt\u0151l<\/a>\u00a0d\u00e9lnyugatra ter\u00fcl el. K\u00f6zpontj\u00e1n a\u00a0<a title=\"S\u00fcmeg\" href=\"https:\/\/hu.wikipedia.org\/wiki\/S%C3%BCmeg\">S\u00fcmeget<\/a>\u00a0<a title=\"Zalaegerszeg\" href=\"https:\/\/hu.wikipedia.org\/wiki\/Zalaegerszeg\">Zalaegerszeggel<\/a>\u00a0\u00f6sszek\u00f6t\u0151\u00a0<a title=\"7328-as mell\u00e9k\u00fat (Magyarorsz\u00e1g)\" href=\"https:\/\/hu.wikipedia.org\/wiki\/7328-as_mell%C3%A9k%C3%BAt_(Magyarorsz%C3%A1g)\">7328-as \u00fat<\/a>\u00a0halad v\u00e9gig, ebb\u0151l a telep\u00fcl\u00e9sen \u00e1gazik ki a csak D\u00f6tkre vezet\u0151 73\u00a0205-\u00f6s \u00fat.<\/p>\n<p>Vonattal megk\u00f6zel\u00edthet\u0151 a\u00a0<a title=\"Baj\u00e1nsenye\u2013Zalaegerszeg\u2013Ukk\u2013Boba-vas\u00fatvonal\" href=\"https:\/\/hu.wikipedia.org\/wiki\/Baj%C3%A1nsenye%E2%80%93Zalaegerszeg%E2%80%93Ukk%E2%80%93Boba-vas%C3%BAtvonal\">Baj\u00e1nsenye\u2013Zalaegerszeg\u2013Ukk\u2013Boba-vas\u00fatvonalon<\/a>.<\/p>\n<p><strong>T\u00f6rt\u00e9nete<\/strong><\/p>\n<p>A telep\u00fcl\u00e9s \u00c9szak-Zal\u00e1ban, k\u00f6zvetlen\u00fcl a vasi megyehat\u00e1ron fekszik, a Zala foly\u00f3 partj\u00e1n.<br \/>\nLak\u00f3inak sz\u00e1ma 869 f\u00f5. Pakodr\u00f3l, Pakodi Bal\u00e1zs \u00e9s a Kozma csal\u00e1d f\u00f6ldbirtokair\u00f3l a XIII. sz\u00e1zadb\u00f3l sz\u00e1rmaznak az els\u0151 feljegyz\u00e9sek.<br \/>\nEredeti neve: Barlab\u00e1shida.<br \/>\nA faluban l\u00e9v\u0151 Zala-h\u00eddon kereszt\u00fcl kereskedelmi \u00fatvonal vezetett Vas megye ir\u00e1ny\u00e1b\u00f3l a Balaton fel\u00e9, ez\u00e9rt a telep\u00fcl\u00e9s h\u00eddv\u00e1mszed\u0151i joggal rendelkezett. A Zala foly\u00f3 \u00e1ltal kett\u00e9szelt telep\u00fcl\u00e9s lakoss\u00e1ga a mocsaras ingov\u00e1nyokba menek\u00fclt a t\u00f6r\u00f6kd\u00fal\u00e1s, a t\u00f6rt\u00e9nelem \u00e9s a term\u00e9szet viharai el\u0151l. A katasztr\u00f3f\u00e1k a falu f\u00e1b\u00f3l k\u00e9sz\u00fclt templom\u00e1t sem k\u00edm\u00e9lt\u00e9k. \u00c1m a t\u0171z, v\u00edz, ellens\u00e9g puszt\u00edtotta falu valah\u00e1nyszor \u00fajj\u00e1sz\u00fcletett lak\u00f3i akarat\u00e1b\u00f3l.<br \/>\nPakod sz\u00e9p, r\u00e9gi m\u0171eml\u00e9k templom\u00e1nak (r\u00f3mai katolikus) olt\u00e1r\u00e1t neobarokk fafarag\u00e1s d\u00edsz\u00edti.<br \/>\nA Pakodi sz\u0151l\u0151hegyek nemcsak a bor kedvel\u0151i sz\u00e1m\u00e1ra jelentenek vonz\u00f3 c\u00e9lpontot. A pinc\u00e9k t\u00f6bbs\u00e9ge igen r\u00e9gi, nem ritka a k\u00e9tsz\u00e1z \u00e9ves boltozat, m\u00e9g id\u0151sebb faajt\u00f3k, \u00e9p\u00fcletek is megcsod\u00e1lhat\u00f3k a fest\u0151i sz\u00e9ps\u00e9g\u0171 hegyoldalakon j\u00e1rva. A k\u00f6rny\u00e9kbeliek sz\u00edves sz\u00f3val, t\u00e1jjelleg\u0171 \u00e9telekkel \u00e9s finom borokkal v\u00e1rj\u00e1k az erre t\u00e9ved\u0151 turist\u00e1t.<br \/>\nAz itt \u00e9l\u0151k t\u00f6bbs\u00e9ge a mez\u0151gazdas\u00e1ggal, \u00e1llatteny\u00e9szt\u00e9ssel, sz\u0151l\u0151- \u00e9s gy\u00fcm\u00f6lcstermeszt\u00e9ssel foglalkozik. A d\u00f6ngics\u00e9l\u0151 m\u00e9hrajok csod\u00e1latos m\u00e9z\u00e9t k\u00f3stolhatjuk a helyi gazd\u00e1kn\u00e1l. A vend\u00e9gszeret\u0151, kellemes k\u00f6rnyezet felejthetetlen \u00e9lm\u00e9nyt jelent a term\u00e9szet, a nyugodt \u00e9let ut\u00e1n v\u00e1gy\u00f3 emberek sz\u00e1m\u00e1ra. Gyerekek \u00e9s feln\u0151ttek \u00e9lvezhetik itt a f\u00e1k, az erd\u0151, az \u00e1llatok k\u00f6zels\u00e9g\u00e9t.<br \/>\nA falu nevezettess\u00e9gei az 1719-ben \u00e9p\u00fclt m\u0171eml\u00e9k r\u00f3mai katolikus templom \u00e9s a T\u00f6lcs\u00e1ny &#8211; majorban l\u00e9v\u00f5 volt uradalmi magt\u00e1r. Az impoz\u00e1ns l\u00e1tv\u00e1nyt ny\u00fajt\u00f3 templomot az elm\u00falt \u00e9vekben fel\u00faj\u00edtott\u00e1k, k\u00f6rnyezet\u00e9t rendezt\u00e9k, a mellette tal\u00e1lhat\u00f3 pl\u00e9b\u00e1nia \u00e9p\u00fclet\u00e9ben id\u00e9n helyt\u00f6rt\u00e9neti ki\u00e1ll\u00edt\u00e1s ny\u00edlt. Pakod a Balaton mell\u00e9ke Borvid\u00e9khez tartozik, \u00e9vsz\u00e1zados hagyom\u00e1nya van itt is a sz\u0151l\u0151m\u0171vel\u00e9snek, a sz\u0151l\u0151hegyen eredeti \u00e1llapot\u00e1ban fel\u00faj\u00edtott 200 \u00e9ves zs\u00fapos pince tal\u00e1lhat\u00f3. A telep\u00fcl\u00e9s a Zalai Bor\u00fat \u00e1llom\u00e1shelye.<br \/>\nAz itt termelt kiv\u00e1l\u00f3 borok \u00e9s helyi hagyom\u00e1nyos \u00e9telek maradand\u00f3 gasztron\u00f3miai \u00e9lm\u00e9nyt ny\u00fajtanak. A hegyi hajl\u00e9kok egy-egy nagyobb turistacsoport fogad\u00e1s\u00e1ra is alkalmasak, sokan foglalkoznak a faluban falusi vend\u00e9gl\u00e1t\u00e1ssal \u00e9s a Nyitott porta szolg\u00e1ltat\u00e1s, mint kikapcsol\u00f3d\u00e1st \u00e9s \u00e9lm\u00e9ny ny\u00fajt a telep\u00fcl\u00e9sre l\u00e1togat\u00f3k sz\u00e1m\u00e1ra.<\/p>\n<h2><\/h2>\n<h2><span id=\"T.C3.B6rt.C3.A9nete\"><\/span><span id=\"T\u00f6rt\u00e9nete\" class=\"mw-headline\">T\u00f6rt\u00e9nete \u00e9vsz\u00e1mokban<\/span><\/h2>\n<p>Pakod\u00a0<a title=\"\u00c1rp\u00e1d-kor\" href=\"https:\/\/hu.wikipedia.org\/wiki\/%C3%81rp%C3%A1d-kor\">\u00c1rp\u00e1d-kori<\/a>\u00a0telep\u00fcl\u00e9s. Neve m\u00e1r\u00a0<a title=\"1211\" href=\"https:\/\/hu.wikipedia.org\/wiki\/1211\">1211<\/a>-ben eml\u00edtve volt egy a\u00a0<a title=\"Pannonhalmi Benc\u00e9s F\u0151ap\u00e1ts\u00e1g\" href=\"https:\/\/hu.wikipedia.org\/wiki\/Pannonhalmi_Benc%C3%A9s_F%C5%91ap%C3%A1ts%C3%A1g\">pannonhalmi Szent Benedek rend<\/a>\u00a0t\u00f6rt\u00e9net\u00e9r\u0151l \u00edrott k\u00f6nyvben Pocud (Pokod) n\u00e9ven. 1230-ban pedig egy oklev\u00e9l \u00edrt Pakodr\u00f3l, illetve a Pakodt\u00f3l \u00e9szakkeletre fekv\u0151 Barab\u00e1s nev\u0171 telep\u00fcl\u00e9sr\u0151l. Ez az okm\u00e1ny r\u00e9szletesen le\u00edrta Barab\u00e1s telep\u00fcl\u00e9st, melynek volt k\u00e9t malma, egy h\u00eddja, amelyen embereml\u00e9kezet \u00f3ta a birtokos h\u00eddv\u00e1mot szedett. Barab\u00e1s, Barlab\u00e1s vagy Barlab\u00e1s h\u00eddja az 1200-as \u00e9vek k\u00f6zepe el\u0151tt a\u00a0<a class=\"new\" title=\"Szentgr\u00f3ti csal\u00e1d (a lap nem l\u00e9tezik)\" href=\"https:\/\/hu.wikipedia.org\/w\/index.php?title=Szentgr%C3%B3ti_csal%C3%A1d&amp;action=edit&amp;redlink=1\">Szentgr\u00f3ti csal\u00e1d<\/a>\u00a0birtoka volt, melyet 1247-ben a csal\u00e1d a\u00a0<a title=\"T\u00fcrjei volt pr\u00e9posts\u00e1gi templom\" href=\"https:\/\/hu.wikipedia.org\/wiki\/T%C3%BCrjei_volt_pr%C3%A9posts%C3%A1gi_templom\">T\u00fcrjei egyh\u00e1znak<\/a>\u00a0adom\u00e1nyozott; az \u0151 birtoka maradt 1945-ig.<\/p>\n<p>A\u00a0<a title=\"14. sz\u00e1zad\" href=\"https:\/\/hu.wikipedia.org\/wiki\/14._sz%C3%A1zad\">14. sz\u00e1zadban<\/a>\u00a0el\u0151bb a T\u00fcrjei nemess\u00e9gb\u0151l val\u00f3 B\u00e9riek, majd a K\u0151szegi csal\u00e1d lesz\u00e1rmazottai, a Kokasok, v\u00e9g\u00fcl az ugyancsak T\u00fcrjei nemzets\u00e9ghez tartoz\u00f3 Szentgr\u00f3tiak szerezt\u00e9k meg a falu egy-egy r\u00e9sz\u00e9t.<\/p>\n<p>A\u00a0<a title=\"Batthy\u00e1ny csal\u00e1d\" href=\"https:\/\/hu.wikipedia.org\/wiki\/Batthy%C3%A1ny_csal%C3%A1d\">Batthy\u00e1ny csal\u00e1d<\/a>\u00a0lev\u00e9lt\u00e1r\u00e1nak irataib\u00f3l kit\u0171nik, hogy a 14. sz\u00e1zadban megk\u00fcl\u00f6nb\u00f6ztet\u00e9sk\u00e9nt l\u00e9tezett Egyh\u00e1zaspakod is, amelynek temploma is volt. 1419-ben templom\u00e1nak papja Mikl\u00f3s fia Mikl\u00f3s volt, majd 1437-ben Kelemen, 1442-ben pedig Mih\u00e1ly.<\/p>\n<p>1567-ben az els\u0151 Zala v\u00e1rmegyei\u00a0<a title=\"T\u00f6r\u00f6k h\u00f3dolts\u00e1g\" href=\"https:\/\/hu.wikipedia.org\/wiki\/T%C3%B6r%C3%B6k_h%C3%B3dolts%C3%A1g\">t\u00f6r\u00f6kd\u00fal\u00e1s<\/a>\u00a0alkalm\u00e1val az eg\u00e9sz falu le\u00e9gett, de 1572-ben m\u00e1r megint m\u00e1sf\u00e9l port\u00e1t jegyeztek fel, a telep\u00fcl\u00e9s r\u00e9gi birtokosai ekkora m\u00e1r nem voltak meg. 1592-ben a falut \u00fajra fel\u00e9gett\u00e9k a t\u00f6r\u00f6k\u00f6k, de hamarosan ism\u00e9t \u00fajra\u00e9p\u00fclt.<\/p>\n<p>1707-ben a\u00a0<a title=\"Kurucok\" href=\"https:\/\/hu.wikipedia.org\/wiki\/Kurucok\">kuruc<\/a>&#8211;<a title=\"Labancok\" href=\"https:\/\/hu.wikipedia.org\/wiki\/Labancok\">labanc<\/a>\u00a0h\u00e1bor\u00fa alatt a falu egy t\u0171zv\u00e9szben ism\u00e9t le\u00e9gett, ekkor elpusztult f\u00e1b\u00f3l k\u00e9sz\u00fclt temploma is. E m\u00e1sodik templom\u00e1nak pusztul\u00e1s\u00e1t egy harang \u00e9lte csak t\u00fal, amelyet 1677-ben \u00f6nt\u00f6ttek. E harang felker\u00fclt a jelenleg \u00e1ll\u00f3, harmadik temploma torny\u00e1ba.<\/p>\n<p>1769-ben 619 lakosa volt, sz\u00e1ztizenkett\u0151 csal\u00e1ddal, melyb\u0151l negyvenegy nemesi csal\u00e1d volt. A falu nagyobb r\u00e9sz\u00e9nek birtokosai ekkor a\u00a0<a title=\"Festetics csal\u00e1d\" href=\"https:\/\/hu.wikipedia.org\/wiki\/Festetics_csal%C3%A1d\">Festetics gr\u00f3fok<\/a>\u00a0\u00e9s Zalab\u00e9ri Horv\u00e1th J\u00f3zsef voltak.<\/p>\n<p>1783. m\u00e1rcius 31-\u00e9n t\u0171zv\u00e9sz puszt\u00edtott a faluban: kilencvenn\u00e9gy h\u00e1zb\u00f3l harminckett\u0151 le\u00e9gett, majd 1795-ben nagy\u00a0<a title=\"\u00c1rv\u00edz\" href=\"https:\/\/hu.wikipedia.org\/wiki\/%C3%81rv%C3%ADz\">\u00e1rv\u00edz<\/a>\u00a0\u00f6nt\u00f6tte el a falut: az eg\u00e9sz telep\u00fcl\u00e9s v\u00edzben \u00e1llt, hidakat, h\u00e1zakat,\u00a0<a title=\"Zalai v\u00edzimalmok\" href=\"https:\/\/hu.wikipedia.org\/wiki\/Zalai_v%C3%ADzimalmok\">malmokat<\/a>\u00a0d\u00f6nt\u00f6tt \u00f6ssze az anyak\u00f6nyv fennmaradt bejegyz\u00e9sei szerint.<\/p>\n<p>A\u00a0<a title=\"20. sz\u00e1zad\" href=\"https:\/\/hu.wikipedia.org\/wiki\/20._sz%C3%A1zad\">20. sz\u00e1zad<\/a>\u00a0elej\u00e9n\u00a0<a title=\"Zala v\u00e1rmegye\" href=\"https:\/\/hu.wikipedia.org\/wiki\/Zala_v%C3%A1rmegye\">Zala v\u00e1rmegye<\/a>\u00a0Zalaszentgr\u00f3ti j\u00e1r\u00e1s\u00e1hoz tartozott.<\/p>\n<p>1910-ben 1298 lakos\u00e1b\u00f3l 1247 magyar volt. Ebb\u0151l 1274 r\u00f3mai katolikus, 14 evang\u00e9likus, 10 izraelita volt.<\/p>\n<p>1919 ut\u00e1n a\u00a0<i><a title=\"P\u00e1los rend\" href=\"https:\/\/hu.wikipedia.org\/wiki\/P%C3%A1los_rend\">feh\u00e9rpapok<\/a><\/i>\u00a0a t\u00fcrjei szerzetesrend birtok\u00e1b\u00f3l has\u00edtott\u00e1k ki azokat a telkeket, melyeken a mai Barab\u00e1s \u00fajfalu fel\u00e9p\u00fclt.<\/p>\n","protected":false},"excerpt":{"rendered":"<p>Pakod\u00a0k\u00f6zs\u00e9g\u00a0Zala v\u00e1rmegy\u00e9ben, a\u00a0Zalaszentgr\u00f3ti j\u00e1r\u00e1sban. Wikipedia.org Fekv\u00e9se A k\u00f6zs\u00e9g a Zalai borvid\u00e9khez tartoz\u00f3 Cs\u00e1fordi-hegy nyugati l\u00e1b\u00e1n\u00e1l, a\u00a0Zala\u00a0foly\u00f3 k\u00e9t partj\u00e1n,\u00a0D\u00f6tkt\u00f3l\u00a0\u00e9szakra,\u00a0Zalab\u00e9rt\u0151l\u00a0d\u00e9lnyugatra ter\u00fcl el. K\u00f6zpontj\u00e1n a\u00a0S\u00fcmeget\u00a0Zalaegerszeggel\u00a0\u00f6sszek\u00f6t\u0151\u00a07328-as \u00fat\u00a0halad v\u00e9gig, ebb\u0151l a telep\u00fcl\u00e9sen \u00e1gazik ki a csak D\u00f6tkre vezet\u0151 73\u00a0205-\u00f6s \u00fat. Vonattal megk\u00f6zel\u00edthet\u0151 a\u00a0Baj\u00e1nsenye\u2013Zalaegerszeg\u2013Ukk\u2013Boba-vas\u00fatvonalon. T\u00f6rt\u00e9nete A telep\u00fcl\u00e9s \u00c9szak-Zal\u00e1ban, k\u00f6zvetlen\u00fcl a vasi megyehat\u00e1ron fekszik, a Zala foly\u00f3 partj\u00e1n. Lak\u00f3inak sz\u00e1ma 869 f\u00f5. [&hellip;]<\/p>\n","protected":false},"author":1,"featured_media":0,"parent":0,"menu_order":0,"comment_status":"closed","ping_status":"closed","template":"","meta":{"footnotes":""},"class_list":["post-136","page","type-page","status-publish","hentry"],"_links":{"self":[{"href":"https:\/\/pakod.hu\/index.php\/wp-json\/wp\/v2\/pages\/136","targetHints":{"allow":["GET"]}}],"collection":[{"href":"https:\/\/pakod.hu\/index.php\/wp-json\/wp\/v2\/pages"}],"about":[{"href":"https:\/\/pakod.hu\/index.php\/wp-json\/wp\/v2\/types\/page"}],"author":[{"embeddable":true,"href":"https:\/\/pakod.hu\/index.php\/wp-json\/wp\/v2\/users\/1"}],"replies":[{"embeddable":true,"href":"https:\/\/pakod.hu\/index.php\/wp-json\/wp\/v2\/comments?post=136"}],"version-history":[{"count":4,"href":"https:\/\/pakod.hu\/index.php\/wp-json\/wp\/v2\/pages\/136\/revisions"}],"predecessor-version":[{"id":286,"href":"https:\/\/pakod.hu\/index.php\/wp-json\/wp\/v2\/pages\/136\/revisions\/286"}],"wp:attachment":[{"href":"https:\/\/pakod.hu\/index.php\/wp-json\/wp\/v2\/media?parent=136"}],"curies":[{"name":"wp","href":"https:\/\/api.w.org\/{rel}","templated":true}]}}