{"id":141,"date":"2024-03-21T14:24:00","date_gmt":"2024-03-21T14:24:00","guid":{"rendered":"https:\/\/pakod.hu\/?page_id=141"},"modified":"2024-04-26T09:48:15","modified_gmt":"2024-04-26T09:48:15","slug":"e-ugyintezes","status":"publish","type":"page","link":"https:\/\/pakod.hu\/index.php\/e-ugyintezes\/","title":{"rendered":"E-\u00dcGYINT\u00c9Z\u00c9S"},"content":{"rendered":"<div class=\"col-sm-6 \">\n<div>\n<p><strong><a href=\"https:\/\/ohp-20.asp.lgov.hu\/nyitolap\" target=\"_blank\" rel=\"noopener noreferrer\"><img loading=\"lazy\" decoding=\"async\" class=\"alignnone wp-image-3043\" src=\"http:\/\/kehidakustany.hu\/wp-content\/uploads\/2023\/07\/e-onkormanyzat-280x127.jpeg\" sizes=\"auto, (max-width: 154px) 100vw, 154px\" srcset=\"https:\/\/kehidakustany.hu\/wp-content\/uploads\/2023\/07\/e-onkormanyzat-280x127.jpeg 280w, https:\/\/kehidakustany.hu\/wp-content\/uploads\/2023\/07\/e-onkormanyzat.jpeg 334w\" alt=\"\" width=\"154\" height=\"70\" \/><\/a><\/strong><\/p>\n<p>Az E-\u00f6nkorm\u00e1nyzat port\u00e1l\u00a0 az \u00f6nkorm\u00e1nyzati ASP-rendszerben az elektronikus \u00f6nkorm\u00e1nyzati \u00fcgyint\u00e9z\u00e9s helysz\u00edne.<\/p>\n<p><strong><a href=\"https:\/\/magyarorszag.hu\/\" target=\"_blank\" rel=\"noopener noreferrer\"><img loading=\"lazy\" decoding=\"async\" class=\"alignnone wp-image-3044\" src=\"http:\/\/kehidakustany.hu\/wp-content\/uploads\/2023\/07\/magyarorszag-hu.png\" alt=\"\" width=\"99\" height=\"70\" \/>\u00a0<\/a><\/strong><a href=\"https:\/\/magyarorszag.hu\/\" target=\"_blank\" rel=\"noopener noreferrer\"><strong>Magyarorsz\u00e1g.hu<\/strong><\/a><\/p>\n<p>A korm\u00e1nyzat elektronikus \u00fcgyint\u00e9z\u00e9sre szolg\u00e1l\u00f3 honlapja.<\/p>\n<\/div>\n<\/div>\n<div class=\"col-sm-6 \">\n<div>\n<p><a href=\"https:\/\/epapir.gov.hu\/\" target=\"_blank\" rel=\"noopener noreferrer\"><img loading=\"lazy\" decoding=\"async\" class=\"alignnone wp-image-3046 size-full\" src=\"http:\/\/kehidakustany.hu\/wp-content\/uploads\/2023\/07\/e-papir-logo-2.png\" alt=\"\" width=\"110\" height=\"79\" \/><\/a><\/p>\n<p>Az e-Pap\u00edr egy ingyenes, hiteles\u00edtett \u00fczenetk\u00fcld\u0151 alkalmaz\u00e1s, amely internetkapcsolaton kereszt\u00fcl, elektronikus \u00faton \u00f6sszek\u00f6ti az \u00dcgyf\u00e9lkapuval rendelkez\u0151 \u00fcgyfeleket a szolg\u00e1ltat\u00e1shoz csatlakozott int\u00e9zm\u00e9nyekkel.<\/p>\n<p><a href=\"https:\/\/kozadat.hu\/kereso\/\" target=\"_blank\" rel=\"noopener noreferrer\"><img loading=\"lazy\" decoding=\"async\" class=\"alignnone wp-image-3045\" src=\"http:\/\/kehidakustany.hu\/wp-content\/uploads\/2023\/07\/kozadatkereso-280x78.png\" sizes=\"auto, (max-width: 281px) 100vw, 281px\" srcset=\"https:\/\/kehidakustany.hu\/wp-content\/uploads\/2023\/07\/kozadatkereso-280x78.png 280w, https:\/\/kehidakustany.hu\/wp-content\/uploads\/2023\/07\/kozadatkereso.png 425w\" alt=\"\" width=\"281\" height=\"78\" \/><\/a><\/p>\n<p><a href=\"https:\/\/oknyir.kh.gov.hu\/\" target=\"_blank\" rel=\"noopener noreferrer\"><img loading=\"lazy\" decoding=\"async\" class=\"alignnone wp-image-3056 size-medium\" src=\"http:\/\/kehidakustany.hu\/wp-content\/uploads\/2023\/07\/oknyir-logo-280x41.png\" sizes=\"auto, (max-width: 280px) 100vw, 280px\" srcset=\"https:\/\/kehidakustany.hu\/wp-content\/uploads\/2023\/07\/oknyir-logo-280x41.png 280w, https:\/\/kehidakustany.hu\/wp-content\/uploads\/2023\/07\/oknyir-logo.png 520w\" alt=\"\" width=\"280\" height=\"41\" \/><\/a><\/p>\n<\/div>\n<\/div>\n","protected":false},"excerpt":{"rendered":"<p>Az E-\u00f6nkorm\u00e1nyzat port\u00e1l\u00a0 az \u00f6nkorm\u00e1nyzati ASP-rendszerben az elektronikus \u00f6nkorm\u00e1nyzati \u00fcgyint\u00e9z\u00e9s helysz\u00edne. \u00a0Magyarorsz\u00e1g.hu A korm\u00e1nyzat elektronikus \u00fcgyint\u00e9z\u00e9sre szolg\u00e1l\u00f3 honlapja. Az e-Pap\u00edr egy ingyenes, hiteles\u00edtett \u00fczenetk\u00fcld\u0151 alkalmaz\u00e1s, amely internetkapcsolaton kereszt\u00fcl, elektronikus \u00faton \u00f6sszek\u00f6ti az \u00dcgyf\u00e9lkapuval rendelkez\u0151 \u00fcgyfeleket a szolg\u00e1ltat\u00e1shoz csatlakozott int\u00e9zm\u00e9nyekkel.<\/p>\n","protected":false},"author":1,"featured_media":0,"parent":0,"menu_order":0,"comment_status":"closed","ping_status":"closed","template":"","meta":{"footnotes":""},"class_list":["post-141","page","type-page","status-publish","hentry"],"_links":{"self":[{"href":"https:\/\/pakod.hu\/index.php\/wp-json\/wp\/v2\/pages\/141","targetHints":{"allow":["GET"]}}],"collection":[{"href":"https:\/\/pakod.hu\/index.php\/wp-json\/wp\/v2\/pages"}],"about":[{"href":"https:\/\/pakod.hu\/index.php\/wp-json\/wp\/v2\/types\/page"}],"author":[{"embeddable":true,"href":"https:\/\/pakod.hu\/index.php\/wp-json\/wp\/v2\/users\/1"}],"replies":[{"embeddable":true,"href":"https:\/\/pakod.hu\/index.php\/wp-json\/wp\/v2\/comments?post=141"}],"version-history":[{"count":2,"href":"https:\/\/pakod.hu\/index.php\/wp-json\/wp\/v2\/pages\/141\/revisions"}],"predecessor-version":[{"id":281,"href":"https:\/\/pakod.hu\/index.php\/wp-json\/wp\/v2\/pages\/141\/revisions\/281"}],"wp:attachment":[{"href":"https:\/\/pakod.hu\/index.php\/wp-json\/wp\/v2\/media?parent=141"}],"curies":[{"name":"wp","href":"https:\/\/api.w.org\/{rel}","templated":true}]}}