{"id":143,"date":"2024-03-21T14:24:00","date_gmt":"2024-03-21T14:24:00","guid":{"rendered":"https:\/\/pakod.hu\/?page_id=143"},"modified":"2026-04-26T06:38:03","modified_gmt":"2026-04-26T06:38:03","slug":"helyi-adok-szamlaszamai","status":"publish","type":"page","link":"https:\/\/pakod.hu\/index.php\/helyi-adok-szamlaszamai\/","title":{"rendered":"HELYI AD\u00d3K SZ\u00c1MLASZ\u00c1MAI"},"content":{"rendered":"\n<p><strong>Beszed\u00e9si sz\u00e1mlasz\u00e1mok:<\/strong><\/p>\n\n\n\n<p>Mag\u00e1nszem\u00e9lyek kommun\u00e1lis ad\u00f3ja: 11749053-15437572-02820000<\/p>\n\n\n\n<p>Helyi ipar\u0171z\u00e9si ad\u00f3: 11749053-15437572-03540000<\/p>\n\n\n\n<p>K\u00e9sedelmi p\u00f3tl\u00e9k: 11749053-15437572-03780000<\/p>\n\n\n\n<p>Talajterhel\u00e9si d\u00edj: 11749053-15437572-03920000<\/p>\n\n\n\n<p>Idegen bev\u00e9telek: 11749053-15437572-04400000<\/p>\n\n\n\n<p>Egy\u00e9b bev\u00e9telek: 11749053-15437572-08800000<\/p>\n\n\n\n<p>B\u00edrs\u00e1g \u00e9s v\u00e9grehajt\u00e1s: 11749053-15437572-03610000<\/p>\n\n\n\n<p>\u00c1llamigazgat\u00e1si illet\u00e9k: 11749053-15437572-03470000<\/p>\n\n\n\n<p>F\u00f6ldb\u00e9rbead\u00e1sb\u00f3l sz\u00e1rmaz\u00f3 bev\u00e9telek: 11749053-15437572-08660000<\/p>\n\n\n\n<p>Helyi j\u00f6ved\u00e9ki ad\u00f3 (p\u00e1linka): 11749053-15437572-04950000<\/p>\n","protected":false},"excerpt":{"rendered":"<p>Beszed\u00e9si sz\u00e1mlasz\u00e1mok: Mag\u00e1nszem\u00e9lyek kommun\u00e1lis ad\u00f3ja: 11749053-15437572-02820000 Helyi ipar\u0171z\u00e9si ad\u00f3: 11749053-15437572-03540000 K\u00e9sedelmi p\u00f3tl\u00e9k: 11749053-15437572-03780000 Talajterhel\u00e9si d\u00edj: 11749053-15437572-03920000 Idegen bev\u00e9telek: 11749053-15437572-04400000 Egy\u00e9b bev\u00e9telek: 11749053-15437572-08800000 B\u00edrs\u00e1g \u00e9s v\u00e9grehajt\u00e1s: 11749053-15437572-03610000 \u00c1llamigazgat\u00e1si illet\u00e9k: 11749053-15437572-03470000 F\u00f6ldb\u00e9rbead\u00e1sb\u00f3l sz\u00e1rmaz\u00f3 bev\u00e9telek: 11749053-15437572-08660000 Helyi j\u00f6ved\u00e9ki ad\u00f3 (p\u00e1linka): 11749053-15437572-04950000<\/p>\n","protected":false},"author":1,"featured_media":0,"parent":0,"menu_order":0,"comment_status":"closed","ping_status":"closed","template":"","meta":{"footnotes":""},"class_list":["post-143","page","type-page","status-publish","hentry"],"_links":{"self":[{"href":"https:\/\/pakod.hu\/index.php\/wp-json\/wp\/v2\/pages\/143","targetHints":{"allow":["GET"]}}],"collection":[{"href":"https:\/\/pakod.hu\/index.php\/wp-json\/wp\/v2\/pages"}],"about":[{"href":"https:\/\/pakod.hu\/index.php\/wp-json\/wp\/v2\/types\/page"}],"author":[{"embeddable":true,"href":"https:\/\/pakod.hu\/index.php\/wp-json\/wp\/v2\/users\/1"}],"replies":[{"embeddable":true,"href":"https:\/\/pakod.hu\/index.php\/wp-json\/wp\/v2\/comments?post=143"}],"version-history":[{"count":2,"href":"https:\/\/pakod.hu\/index.php\/wp-json\/wp\/v2\/pages\/143\/revisions"}],"predecessor-version":[{"id":517,"href":"https:\/\/pakod.hu\/index.php\/wp-json\/wp\/v2\/pages\/143\/revisions\/517"}],"wp:attachment":[{"href":"https:\/\/pakod.hu\/index.php\/wp-json\/wp\/v2\/media?parent=143"}],"curies":[{"name":"wp","href":"https:\/\/api.w.org\/{rel}","templated":true}]}}