{"id":15,"date":"2024-03-21T13:32:09","date_gmt":"2024-03-21T13:32:09","guid":{"rendered":"https:\/\/pakod.hu\/?page_id=15"},"modified":"2024-04-11T11:41:19","modified_gmt":"2024-04-11T11:41:19","slug":"intezmenyeink","status":"publish","type":"page","link":"https:\/\/pakod.hu\/index.php\/intezmenyeink\/","title":{"rendered":"INT\u00c9ZM\u00c9NYEINK"},"content":{"rendered":"<p><strong><u>Pakodi Sziv\u00e1rv\u00e1ny \u00d3voda \u00e9s B\u00f6lcs\u0151de<br \/>\n<\/u><\/strong>Pakod, Cs\u00e1ny L\u00e1szl\u00f3 utca 2.<br \/>\n<u>Int\u00e9zm\u00e9nyvezet\u0151:\u00a0 <\/u>Bedics Ad\u00e9l\u00a0 06-83-377132<\/p>\n<p><strong><u>K\u00f6nyvt\u00e1r<br \/>\n<\/u><\/strong>Pakod, Cs\u00e1ny L\u00e1szl\u00f3 utca 2.<br \/>\nKrajcz\u00e1r Zsuzsanna<\/p>\n<p><strong>Nyitva tart\u00e1s<br \/>\n<\/strong>H\u00e9tf\u0151, cs\u00fct\u00f6rt\u00f6k:\u00a0\u00a0\u00a0\u00a0\u00a0\u00a0\u00a0\u00a0\u00a0\u00a0\u00a0 17:30-18:30<br \/>\nP\u00e9ntek: \u00a0\u00a0\u00a0\u00a0\u00a0\u00a0\u00a0\u00a0\u00a0\u00a0\u00a0\u00a0\u00a0\u00a0\u00a0\u00a0\u00a0\u00a0\u00a0\u00a0\u00a0\u00a0\u00a0\u00a0\u00a0 17:00-19:00<br \/>\nSzombat:\u00a0\u00a0\u00a0\u00a0\u00a0\u00a0\u00a0\u00a0\u00a0\u00a0\u00a0\u00a0\u00a0\u00a0\u00a0\u00a0\u00a0\u00a0\u00a0\u00a0\u00a0\u00a0 9:00-11:00<\/p>\n","protected":false},"excerpt":{"rendered":"<p>Pakodi Sziv\u00e1rv\u00e1ny \u00d3voda \u00e9s B\u00f6lcs\u0151de Pakod, Cs\u00e1ny L\u00e1szl\u00f3 utca 2. Int\u00e9zm\u00e9nyvezet\u0151:\u00a0 Bedics Ad\u00e9l\u00a0 06-83-377132 K\u00f6nyvt\u00e1r Pakod, Cs\u00e1ny L\u00e1szl\u00f3 utca 2. Krajcz\u00e1r Zsuzsanna Nyitva tart\u00e1s H\u00e9tf\u0151, cs\u00fct\u00f6rt\u00f6k:\u00a0\u00a0\u00a0\u00a0\u00a0\u00a0\u00a0\u00a0\u00a0\u00a0\u00a0 17:30-18:30 P\u00e9ntek: \u00a0\u00a0\u00a0\u00a0\u00a0\u00a0\u00a0\u00a0\u00a0\u00a0\u00a0\u00a0\u00a0\u00a0\u00a0\u00a0\u00a0\u00a0\u00a0\u00a0\u00a0\u00a0\u00a0\u00a0\u00a0 17:00-19:00 Szombat:\u00a0\u00a0\u00a0\u00a0\u00a0\u00a0\u00a0\u00a0\u00a0\u00a0\u00a0\u00a0\u00a0\u00a0\u00a0\u00a0\u00a0\u00a0\u00a0\u00a0\u00a0\u00a0 9:00-11:00<\/p>\n","protected":false},"author":1,"featured_media":0,"parent":0,"menu_order":0,"comment_status":"closed","ping_status":"closed","template":"","meta":{"footnotes":""},"class_list":["post-15","page","type-page","status-publish","hentry"],"_links":{"self":[{"href":"https:\/\/pakod.hu\/index.php\/wp-json\/wp\/v2\/pages\/15","targetHints":{"allow":["GET"]}}],"collection":[{"href":"https:\/\/pakod.hu\/index.php\/wp-json\/wp\/v2\/pages"}],"about":[{"href":"https:\/\/pakod.hu\/index.php\/wp-json\/wp\/v2\/types\/page"}],"author":[{"embeddable":true,"href":"https:\/\/pakod.hu\/index.php\/wp-json\/wp\/v2\/users\/1"}],"replies":[{"embeddable":true,"href":"https:\/\/pakod.hu\/index.php\/wp-json\/wp\/v2\/comments?post=15"}],"version-history":[{"count":3,"href":"https:\/\/pakod.hu\/index.php\/wp-json\/wp\/v2\/pages\/15\/revisions"}],"predecessor-version":[{"id":176,"href":"https:\/\/pakod.hu\/index.php\/wp-json\/wp\/v2\/pages\/15\/revisions\/176"}],"wp:attachment":[{"href":"https:\/\/pakod.hu\/index.php\/wp-json\/wp\/v2\/media?parent=15"}],"curies":[{"name":"wp","href":"https:\/\/api.w.org\/{rel}","templated":true}]}}