{"id":234,"date":"2024-04-26T09:06:44","date_gmt":"2024-04-26T09:06:44","guid":{"rendered":"https:\/\/pakod.hu\/?page_id=234"},"modified":"2024-04-26T09:06:44","modified_gmt":"2024-04-26T09:06:44","slug":"helyi-eselyegyenlosegi-program","status":"publish","type":"page","link":"https:\/\/pakod.hu\/index.php\/helyi-eselyegyenlosegi-program\/","title":{"rendered":"HELYI ES\u00c9LYEGYENL\u0150S\u00c9GI PROGRAM"},"content":{"rendered":"","protected":false},"excerpt":{"rendered":"","protected":false},"author":1,"featured_media":0,"parent":0,"menu_order":0,"comment_status":"closed","ping_status":"closed","template":"","meta":{"footnotes":""},"class_list":["post-234","page","type-page","status-publish","hentry"],"_links":{"self":[{"href":"https:\/\/pakod.hu\/index.php\/wp-json\/wp\/v2\/pages\/234","targetHints":{"allow":["GET"]}}],"collection":[{"href":"https:\/\/pakod.hu\/index.php\/wp-json\/wp\/v2\/pages"}],"about":[{"href":"https:\/\/pakod.hu\/index.php\/wp-json\/wp\/v2\/types\/page"}],"author":[{"embeddable":true,"href":"https:\/\/pakod.hu\/index.php\/wp-json\/wp\/v2\/users\/1"}],"replies":[{"embeddable":true,"href":"https:\/\/pakod.hu\/index.php\/wp-json\/wp\/v2\/comments?post=234"}],"version-history":[{"count":1,"href":"https:\/\/pakod.hu\/index.php\/wp-json\/wp\/v2\/pages\/234\/revisions"}],"predecessor-version":[{"id":236,"href":"https:\/\/pakod.hu\/index.php\/wp-json\/wp\/v2\/pages\/234\/revisions\/236"}],"wp:attachment":[{"href":"https:\/\/pakod.hu\/index.php\/wp-json\/wp\/v2\/media?parent=234"}],"curies":[{"name":"wp","href":"https:\/\/api.w.org\/{rel}","templated":true}]}}