{"id":245,"date":"2024-04-26T09:14:40","date_gmt":"2024-04-26T09:14:40","guid":{"rendered":"https:\/\/pakod.hu\/?page_id=245"},"modified":"2024-04-26T10:54:21","modified_gmt":"2024-04-26T10:54:21","slug":"esemenynaptar","status":"publish","type":"page","link":"https:\/\/pakod.hu\/index.php\/esemenynaptar\/","title":{"rendered":"ESEM\u00c9NYNAPT\u00c1R"},"content":{"rendered":"<p>M\u00e1rcius 14. \u00dcnnepi megeml\u00e9kez\u00e9s<\/p>\n<p>M\u00e1rcius 28. H\u00fasv\u00e9tv\u00e1r\u00f3 k\u00e9zm\u0171ves d\u00e9lut\u00e1n<\/p>\n<p>\u00c1prilis 19.\u00a0\u00a0 Id\u0151sek napja<\/p>\n<p>\u00c1prilis 26-27. \u00d6nk\u00e9ntes nap<\/p>\n<p>J\u00fanius 15\u00a0\u00a0\u00a0\u00a0\u00a0 Antal napi b\u00facs\u00fa<\/p>\n<p>J\u00falius 13.\u00a0\u00a0\u00a0\u00a0\u00a0 Csal\u00e1di nap<\/p>\n<p>Szeptember 7. Sz\u00fcreti felvonul\u00e1s<\/p>\n<p>Okt\u00f3ber 31.\u00a0\u00a0\u00a0 Halloween<\/p>\n<p>November 29. Adventi k\u00e9zm\u0171ves k\u00e9sz\u00fcl\u0151d\u00e9s<\/p>\n<p>December 1. Advent 1. vas\u00e1rnapja, gyertyagy\u00fajt\u00e1s<\/p>\n<p>December 8.\u00a0\u00a0 Mikul\u00e1s<\/p>\n<p>December 22. Falukar\u00e1csony<\/p>\n<p>*t\u00e1j\u00e9koztat\u00f3 jelleg\u0171, az esem\u00e9nyek id\u0151pontjai v\u00e1ltozhatnak!<\/p>\n","protected":false},"excerpt":{"rendered":"<p>M\u00e1rcius 14. \u00dcnnepi megeml\u00e9kez\u00e9s M\u00e1rcius 28. H\u00fasv\u00e9tv\u00e1r\u00f3 k\u00e9zm\u0171ves d\u00e9lut\u00e1n \u00c1prilis 19.\u00a0\u00a0 Id\u0151sek napja \u00c1prilis 26-27. \u00d6nk\u00e9ntes nap J\u00fanius 15\u00a0\u00a0\u00a0\u00a0\u00a0 Antal napi b\u00facs\u00fa J\u00falius 13.\u00a0\u00a0\u00a0\u00a0\u00a0 Csal\u00e1di nap Szeptember 7. Sz\u00fcreti felvonul\u00e1s Okt\u00f3ber 31.\u00a0\u00a0\u00a0 Halloween November 29. Adventi k\u00e9zm\u0171ves k\u00e9sz\u00fcl\u0151d\u00e9s December 1. Advent 1. vas\u00e1rnapja, gyertyagy\u00fajt\u00e1s December 8.\u00a0\u00a0 Mikul\u00e1s December 22. Falukar\u00e1csony *t\u00e1j\u00e9koztat\u00f3 jelleg\u0171, az esem\u00e9nyek id\u0151pontjai [&hellip;]<\/p>\n","protected":false},"author":1,"featured_media":0,"parent":0,"menu_order":0,"comment_status":"closed","ping_status":"closed","template":"","meta":{"footnotes":""},"class_list":["post-245","page","type-page","status-publish","hentry"],"_links":{"self":[{"href":"https:\/\/pakod.hu\/index.php\/wp-json\/wp\/v2\/pages\/245","targetHints":{"allow":["GET"]}}],"collection":[{"href":"https:\/\/pakod.hu\/index.php\/wp-json\/wp\/v2\/pages"}],"about":[{"href":"https:\/\/pakod.hu\/index.php\/wp-json\/wp\/v2\/types\/page"}],"author":[{"embeddable":true,"href":"https:\/\/pakod.hu\/index.php\/wp-json\/wp\/v2\/users\/1"}],"replies":[{"embeddable":true,"href":"https:\/\/pakod.hu\/index.php\/wp-json\/wp\/v2\/comments?post=245"}],"version-history":[{"count":2,"href":"https:\/\/pakod.hu\/index.php\/wp-json\/wp\/v2\/pages\/245\/revisions"}],"predecessor-version":[{"id":284,"href":"https:\/\/pakod.hu\/index.php\/wp-json\/wp\/v2\/pages\/245\/revisions\/284"}],"wp:attachment":[{"href":"https:\/\/pakod.hu\/index.php\/wp-json\/wp\/v2\/media?parent=245"}],"curies":[{"name":"wp","href":"https:\/\/api.w.org\/{rel}","templated":true}]}}