{"id":251,"date":"2024-04-26T09:15:55","date_gmt":"2024-04-26T09:15:55","guid":{"rendered":"https:\/\/pakod.hu\/?page_id=251"},"modified":"2026-04-08T10:42:57","modified_gmt":"2026-04-08T10:42:57","slug":"kozerdeku-adatok","status":"publish","type":"page","link":"https:\/\/pakod.hu\/index.php\/kozerdeku-adatok\/","title":{"rendered":"K\u00d6Z\u00c9RDEK\u0170 ADATOK"},"content":{"rendered":"\n<figure class=\"wp-block-image size-full\"><img loading=\"lazy\" decoding=\"async\" width=\"200\" height=\"65\" src=\"https:\/\/pakod.hu\/wp-content\/uploads\/2026\/04\/logo.png\" alt=\"\" class=\"wp-image-491\"\/><\/figure>\n\n\n\n<p><a href=\"https:\/\/www.kozadattar.hu\/\">kozadattar.hu<\/a><\/p>\n\n\n\n<p>Az\u00a0<strong>egys\u00e9ges\u00a0k\u00f6zadatkeres\u0151\u00a0rendszer<\/strong>\u00a0c\u00e9lja,\u00a0hogy\u00a0a\u00a0k\u00f6z\u00e9rdek\u0171\u00a0adatokat\u00a0egys\u00e9ges,\u00a0elektronikus\u00a0form\u00e1ban\u00a0tegye\u00a0el\u00e9rhet\u0151v\u00e9\u00a0a\u00a0nyilv\u00e1noss\u00e1g\u00a0sz\u00e1m\u00e1ra,\u00a0biztos\u00edtva\u00a0a\u00a0gyors\u00a0\u00e9s\u00a0egyszer\u0171\u00a0hozz\u00e1f\u00e9r\u00e9st\u00a0az\u00a0\u00e1llami\u00a0\u00e9s\u00a0\u00f6nkorm\u00e1nyzati\u00a0szervek\u00a0\u00e1ltal\u00a0k\u00f6zz\u00e9tett\u00a0adatokhoz\u00a0(kozadattar.hu).\u00a0A\u00a0rendszer\u00a0m\u0171k\u00f6dtet\u00e9s\u00e9t\u00a0a\u00a0<strong>NISZ\u00a0Nemzeti\u00a0Infokommunik\u00e1ci\u00f3s\u00a0Szolg\u00e1ltat\u00f3\u00a0Zrt.<\/strong>\u00a0v\u00e9gzi\u00a0a\u00a0K\u00f6zadat\u00a0program\u00a0keret\u00e9ben,\u00a0az\u00a0informatik\u00e1\u00e9rt\u00a0felel\u0151s\u00a0miniszter\u00a0megb\u00edz\u00e1s\u00e1b\u00f3l.<\/p>\n","protected":false},"excerpt":{"rendered":"<p>kozadattar.hu Az\u00a0egys\u00e9ges\u00a0k\u00f6zadatkeres\u0151\u00a0rendszer\u00a0c\u00e9lja,\u00a0hogy\u00a0a\u00a0k\u00f6z\u00e9rdek\u0171\u00a0adatokat\u00a0egys\u00e9ges,\u00a0elektronikus\u00a0form\u00e1ban\u00a0tegye\u00a0el\u00e9rhet\u0151v\u00e9\u00a0a\u00a0nyilv\u00e1noss\u00e1g\u00a0sz\u00e1m\u00e1ra,\u00a0biztos\u00edtva\u00a0a\u00a0gyors\u00a0\u00e9s\u00a0egyszer\u0171\u00a0hozz\u00e1f\u00e9r\u00e9st\u00a0az\u00a0\u00e1llami\u00a0\u00e9s\u00a0\u00f6nkorm\u00e1nyzati\u00a0szervek\u00a0\u00e1ltal\u00a0k\u00f6zz\u00e9tett\u00a0adatokhoz\u00a0(kozadattar.hu).\u00a0A\u00a0rendszer\u00a0m\u0171k\u00f6dtet\u00e9s\u00e9t\u00a0a\u00a0NISZ\u00a0Nemzeti\u00a0Infokommunik\u00e1ci\u00f3s\u00a0Szolg\u00e1ltat\u00f3\u00a0Zrt.\u00a0v\u00e9gzi\u00a0a\u00a0K\u00f6zadat\u00a0program\u00a0keret\u00e9ben,\u00a0az\u00a0informatik\u00e1\u00e9rt\u00a0felel\u0151s\u00a0miniszter\u00a0megb\u00edz\u00e1s\u00e1b\u00f3l.<\/p>\n","protected":false},"author":1,"featured_media":0,"parent":0,"menu_order":0,"comment_status":"closed","ping_status":"closed","template":"","meta":{"footnotes":""},"class_list":["post-251","page","type-page","status-publish","hentry"],"_links":{"self":[{"href":"https:\/\/pakod.hu\/index.php\/wp-json\/wp\/v2\/pages\/251","targetHints":{"allow":["GET"]}}],"collection":[{"href":"https:\/\/pakod.hu\/index.php\/wp-json\/wp\/v2\/pages"}],"about":[{"href":"https:\/\/pakod.hu\/index.php\/wp-json\/wp\/v2\/types\/page"}],"author":[{"embeddable":true,"href":"https:\/\/pakod.hu\/index.php\/wp-json\/wp\/v2\/users\/1"}],"replies":[{"embeddable":true,"href":"https:\/\/pakod.hu\/index.php\/wp-json\/wp\/v2\/comments?post=251"}],"version-history":[{"count":3,"href":"https:\/\/pakod.hu\/index.php\/wp-json\/wp\/v2\/pages\/251\/revisions"}],"predecessor-version":[{"id":494,"href":"https:\/\/pakod.hu\/index.php\/wp-json\/wp\/v2\/pages\/251\/revisions\/494"}],"wp:attachment":[{"href":"https:\/\/pakod.hu\/index.php\/wp-json\/wp\/v2\/media?parent=251"}],"curies":[{"name":"wp","href":"https:\/\/api.w.org\/{rel}","templated":true}]}}