{"id":41,"date":"2024-03-21T14:00:51","date_gmt":"2024-03-21T14:00:51","guid":{"rendered":"https:\/\/pakod.hu\/?page_id=41"},"modified":"2025-10-20T11:45:48","modified_gmt":"2025-10-20T11:45:48","slug":"palyazatok","status":"publish","type":"page","link":"https:\/\/pakod.hu\/index.php\/palyazatok\/","title":{"rendered":"P\u00c1LY\u00c1ZATOK"},"content":{"rendered":"\n<p><strong>Megval\u00f3sult LEADER \u2013 Pakod K\u00f6zs\u00e9g <\/strong><strong>\u00d6nkorm\u00e1nyzata<\/strong><\/p>\n\n\n\n<p><strong>Kedvezm\u00e9nyezett neve:&nbsp;&nbsp;&nbsp;&nbsp;&nbsp;&nbsp;&nbsp;&nbsp;&nbsp;&nbsp;&nbsp;&nbsp;&nbsp;&nbsp;&nbsp;&nbsp; Pakod K\u00f6zs\u00e9g \u00d6nkorm\u00e1nyzata<\/strong><\/p>\n\n\n\n<p><strong>\u00dcgyf\u00e9lazonos\u00edt\u00f3: &nbsp;&nbsp;&nbsp;&nbsp;&nbsp;&nbsp;&nbsp;&nbsp;&nbsp;&nbsp;&nbsp;&nbsp;&nbsp;&nbsp;&nbsp;&nbsp;&nbsp;&nbsp;&nbsp;&nbsp;&nbsp;&nbsp;&nbsp;&nbsp;&nbsp;&nbsp; 1003171479<\/strong><\/p>\n\n\n\n<p><strong>Projekt azonos\u00edt\u00f3ja:&nbsp;&nbsp;&nbsp;&nbsp;&nbsp;&nbsp;&nbsp;&nbsp;&nbsp;&nbsp;&nbsp;&nbsp;&nbsp;&nbsp;&nbsp;&nbsp;&nbsp;&nbsp;&nbsp;&nbsp;&nbsp;&nbsp; 3444193846<\/strong><\/p>\n\n\n\n<p><strong>Felh\u00edv\u00e1s: Zala Term\u00e1lv\u00f6lgye Egyes\u00fclet- Helyi fejleszt\u00e9sek t\u00e1mogat\u00e1sa c\u00edm\u0171, VP6-19.2.1.-99-14-23<\/strong><\/p>\n\n\n\n<p><strong>C\u00edme: K\u00f6z\u00f6ss\u00e9gi pihen\u0151hely kialak\u00edt\u00e1sa Pakodon<\/strong><\/p>\n\n\n\n<p><strong>Szerz\u0151d\u00f6tt t\u00e1mogat\u00e1s \u00f6sszege: 7.999.860 Ft<\/strong><\/p>\n\n\n\n<p><strong>T\u00e1mogat\u00e1s intenzit\u00e1sa (%-ban): 95 %<\/strong><\/p>\n\n\n\n<p>Pakod, Cs\u00e1ny L. u. 248\/1 hrsz. ingatlanon 2024. \u00e1prilis 10. napj\u00e1n a munkater\u00fclet \u00e1tad\u00e1ssal elindult a pihen\u0151 \u00e9p\u00fclet \u00e9p\u00edt\u00e9se.<\/p>\n\n\n\n<p>A projekt keret\u00e9ben elk\u00e9sz\u00fcl egy 7&#215;20 m\u00e9ter alapter\u00fclet\u0171 fedett k\u00f6z\u00f6ss\u00e9gi t\u00e9r z\u00f6ldmez\u0151s beruh\u00e1z\u00e1sk\u00e9nt Pakod belter\u00fclet 248\/ hrsz. ingatlanon. Egy 140 m2 alapter\u00fclet\u0171 l\u00e1bas pajta \u00e9p\u00edt\u00e9s\u00e9vel az esem\u00e9nyeknek a k\u00f6zpark adhat otthont a kor\u00e1bbi, kisebb kiterjed\u00e9s\u0171 \u00f6nkorm\u00e1nyzat udvar helyett. Ezzel a megold\u00e1ssal a falu egy eg\u00e9sz \u00e9ven \u00e1t haszn\u00e1lhat\u00f3 k\u00f6z\u00f6ss\u00e9gi teret is nyert, amely v\u00e1rhat\u00f3an jelent\u0151sen jav\u00edtja a k\u00f6z\u00f6ss\u00e9gi \u00e9letfelt\u00e9teleihez val\u00f3 hozz\u00e1f\u00e9r\u00e9st. Pakod \u00e9lhet\u0151bb\u00e9, vonz\u00f3bb\u00e1 v\u00e1lik nemcsak az \u00e1lland\u00f3 lakosok, de az itt megfordul\u00f3 turist\u00e1k sz\u00e1m\u00e1ra is. Az \u00e9p\u00edtkez\u00e9s sor\u00e1n z\u00f6ldmez\u0151s beruh\u00e1z\u00e1sk\u00e9nt l\u00e9trej\u00f6n a fedett k\u00f6z\u00f6ss\u00e9gi t\u00e9r. Az elv\u00e9gezni tervezett munkanemek: Irt\u00e1s, f\u00f6ldmunka, s\u00edkalapoz\u00e1s, \u00e1csmunka, tet\u0151fed\u00e9s, b\u00e1dogoz\u00e1s, fel\u00fcletkezel\u00e9s. Megval\u00f3sul a projekt keret\u00e9ben k\u00f6telez\u0151 elemk\u00e9nt t\u00e1j\u00e9koztat\u00e1s \u00e9s nyilv\u00e1noss\u00e1g biztos\u00edt\u00e1sa tev\u00e9kenys\u00e9g 1 db projektt\u00e1bla beszerz\u00e9s\u00e9vel.<\/p>\n\n\n\n<p>A projekthez kapcsol\u00f3d\u00f3an felmer\u00fcl\u0151 \u00e1ltal\u00e1nos k\u00f6lts\u00e9gek, projektel\u0151k\u00e9sz\u00edt\u00e9s, m\u0171szaki ellen\u0151r szolg\u00e1ltat\u00e1s.<\/p>\n\n\n\n<p>A projekt eredm\u00e9nyek\u00e9nt elk\u00e9sz\u00fcl a 7&#215;20 m, azaz 140 m2-es k\u00f6z\u00f6ss\u00e9gi fedett \u00e9p\u00fclet. A projekt hat\u00e1s\u00e1ra jelent\u0151sen javul a falu rendezv\u00e9nyeinek megszervez\u00e9se, infrastrukt\u00far\u00e1ja. A falu lakoss\u00e1ga sz\u00e1m\u00e1ra \u00e9rezhet\u0151en javulni fog a k\u00f6z\u00f6ss\u00e9gi \u00e9let felt\u00e9teleihez val\u00f3 hozz\u00e1f\u00e9r\u00e9s. Sz\u00e1m\u00edtunk arra, hogy a k\u00f6z\u00f6ss\u00e9gi t\u00e9r \u00fajabb k\u00f6z\u00f6ss\u00e9gi esem\u00e9nyek l\u00e9trej\u00f6tt\u00e9t fogja el\u0151seg\u00edteni a telep\u00fcl\u00e9sen a helyi civil szervezetek szervez\u00e9s\u00e9ben.<\/p>\n\n\n\n<p>A projekt 2025. febru\u00e1r 28. napj\u00e1n ker\u00fclt befejez\u00e9sre.<\/p>\n\n\n\n<figure class=\"wp-block-gallery has-nested-images columns-default is-cropped wp-block-gallery-1 is-layout-flex wp-block-gallery-is-layout-flex\">\n<figure class=\"wp-block-image size-large\"><img loading=\"lazy\" decoding=\"async\" width=\"768\" height=\"1024\" data-id=\"339\" src=\"https:\/\/pakod.hu\/wp-content\/uploads\/2025\/03\/20240906_070948-768x1024.jpg\" alt=\"\" class=\"wp-image-339\" srcset=\"https:\/\/pakod.hu\/wp-content\/uploads\/2025\/03\/20240906_070948-768x1024.jpg 768w, https:\/\/pakod.hu\/wp-content\/uploads\/2025\/03\/20240906_070948-225x300.jpg 225w, https:\/\/pakod.hu\/wp-content\/uploads\/2025\/03\/20240906_070948-1152x1536.jpg 1152w, https:\/\/pakod.hu\/wp-content\/uploads\/2025\/03\/20240906_070948-1536x2048.jpg 1536w, https:\/\/pakod.hu\/wp-content\/uploads\/2025\/03\/20240906_070948-1140x1520.jpg 1140w, https:\/\/pakod.hu\/wp-content\/uploads\/2025\/03\/20240906_070948-scaled.jpg 1920w\" sizes=\"auto, (max-width: 768px) 100vw, 768px\" \/><\/figure>\n\n\n\n<figure class=\"wp-block-image size-large\"><img loading=\"lazy\" decoding=\"async\" width=\"768\" height=\"1024\" data-id=\"338\" src=\"https:\/\/pakod.hu\/wp-content\/uploads\/2025\/03\/20240906_071010-768x1024.jpg\" alt=\"\" class=\"wp-image-338\" srcset=\"https:\/\/pakod.hu\/wp-content\/uploads\/2025\/03\/20240906_071010-768x1024.jpg 768w, https:\/\/pakod.hu\/wp-content\/uploads\/2025\/03\/20240906_071010-225x300.jpg 225w, https:\/\/pakod.hu\/wp-content\/uploads\/2025\/03\/20240906_071010-1152x1536.jpg 1152w, https:\/\/pakod.hu\/wp-content\/uploads\/2025\/03\/20240906_071010-1536x2048.jpg 1536w, https:\/\/pakod.hu\/wp-content\/uploads\/2025\/03\/20240906_071010-1140x1520.jpg 1140w, https:\/\/pakod.hu\/wp-content\/uploads\/2025\/03\/20240906_071010-scaled.jpg 1920w\" sizes=\"auto, (max-width: 768px) 100vw, 768px\" \/><\/figure>\n\n\n\n<figure class=\"wp-block-image size-large\"><img loading=\"lazy\" decoding=\"async\" width=\"768\" height=\"1024\" data-id=\"340\" src=\"https:\/\/pakod.hu\/wp-content\/uploads\/2025\/03\/20240920_095908-768x1024.jpg\" alt=\"\" class=\"wp-image-340\" srcset=\"https:\/\/pakod.hu\/wp-content\/uploads\/2025\/03\/20240920_095908-768x1024.jpg 768w, https:\/\/pakod.hu\/wp-content\/uploads\/2025\/03\/20240920_095908-225x300.jpg 225w, https:\/\/pakod.hu\/wp-content\/uploads\/2025\/03\/20240920_095908-1152x1536.jpg 1152w, https:\/\/pakod.hu\/wp-content\/uploads\/2025\/03\/20240920_095908-1536x2048.jpg 1536w, https:\/\/pakod.hu\/wp-content\/uploads\/2025\/03\/20240920_095908-1140x1520.jpg 1140w, https:\/\/pakod.hu\/wp-content\/uploads\/2025\/03\/20240920_095908-scaled.jpg 1920w\" sizes=\"auto, (max-width: 768px) 100vw, 768px\" \/><\/figure>\n\n\n\n<figure class=\"wp-block-image size-large\"><img loading=\"lazy\" decoding=\"async\" width=\"768\" height=\"1024\" data-id=\"337\" src=\"https:\/\/pakod.hu\/wp-content\/uploads\/2025\/03\/20240920_095917-768x1024.jpg\" alt=\"\" class=\"wp-image-337\" srcset=\"https:\/\/pakod.hu\/wp-content\/uploads\/2025\/03\/20240920_095917-768x1024.jpg 768w, https:\/\/pakod.hu\/wp-content\/uploads\/2025\/03\/20240920_095917-225x300.jpg 225w, https:\/\/pakod.hu\/wp-content\/uploads\/2025\/03\/20240920_095917-1152x1536.jpg 1152w, https:\/\/pakod.hu\/wp-content\/uploads\/2025\/03\/20240920_095917-1536x2048.jpg 1536w, https:\/\/pakod.hu\/wp-content\/uploads\/2025\/03\/20240920_095917-1140x1520.jpg 1140w, https:\/\/pakod.hu\/wp-content\/uploads\/2025\/03\/20240920_095917-scaled.jpg 1920w\" sizes=\"auto, (max-width: 768px) 100vw, 768px\" \/><\/figure>\n<\/figure>\n\n\n\n<p><\/p>\n\n\n\n<hr class=\"wp-block-separator has-alpha-channel-opacity\"\/>\n\n\n\n<figure class=\"wp-block-image size-large is-resized\"><img loading=\"lazy\" decoding=\"async\" width=\"1024\" height=\"724\" src=\"https:\/\/pakod.hu\/wp-content\/uploads\/2024\/11\/Projekt-tabla_minek-1024x724.jpg\" alt=\"\" class=\"wp-image-310\" style=\"width:363px;height:auto\" srcset=\"https:\/\/pakod.hu\/wp-content\/uploads\/2024\/11\/Projekt-tabla_minek-1024x724.jpg 1024w, https:\/\/pakod.hu\/wp-content\/uploads\/2024\/11\/Projekt-tabla_minek-300x212.jpg 300w, https:\/\/pakod.hu\/wp-content\/uploads\/2024\/11\/Projekt-tabla_minek-768x543.jpg 768w, https:\/\/pakod.hu\/wp-content\/uploads\/2024\/11\/Projekt-tabla_minek-1536x1086.jpg 1536w, https:\/\/pakod.hu\/wp-content\/uploads\/2024\/11\/Projekt-tabla_minek-2048x1448.jpg 2048w, https:\/\/pakod.hu\/wp-content\/uploads\/2024\/11\/Projekt-tabla_minek-1140x806.jpg 1140w\" sizes=\"auto, (max-width: 1024px) 100vw, 1024px\" \/><\/figure>\n\n\n\n<p class=\"has-text-align-left\">A kedvezm\u00e9nyezett neve :<br><strong>Zalaszentgr\u00f3t V\u00e1ros \u00d6nkorm\u00e1nyzata<\/strong><br>Konzorciumi partnerek:<strong> D\u00f6tk, Pakod, Zalab\u00e9r \u00e9s Zalaszentl\u00e1szl\u00f3 K\u00f6zs\u00e9gek \u00d6nkorm\u00e1nyzatai<\/strong><br>A projekt c\u00edme:<br><strong>\u201eMINEK \u2013 Meg\u00fajul\u00f3, Inform\u00e1l\u00f3d\u00f3, Egy\u00fcttm\u0171k\u00f6d\u0151 K\u00f6z\u00f6ss\u00e9gek &#8211; Zalaszentgr\u00f3ton \u00e9s vid\u00e9ken\u201d<\/strong><br>A szerz\u0151d\u00f6tt t\u00e1mogat\u00e1s \u00f6sszege: <strong>54.965.670,- Ft<\/strong><br>A t\u00e1mogat\u00e1s m\u00e9rt\u00e9ke (%-ban): <strong>100%<\/strong><br>A projekt tervezett befejez\u00e9si d\u00e1tuma: <strong>2023.06.20.<\/strong><br>A projekt azonos\u00edt\u00f3 sz\u00e1ma: <strong>TOP-5.3.1-16-ZA1-2017-00015<\/strong><br>Az egy\u00fcttm\u0171k\u00f6d\u0151 5 telep\u00fcl\u00e9sen \u2013 Zalaszentgr\u00f3ton, Zalaszentl\u00e1szl\u00f3n, Zalab\u00e9rben, Pakodon \u00e9s D\u00f6tk\u00f6n &#8211; 9.000 f\u0151 \u00e9l. A helyi t\u00e1rsadalom tagjai nem csup\u00e1n szeml\u00e9l\u0151i, passz\u00edv befogad\u00f3i a szakemberek \u00e9s int\u00e9zm\u00e9nyek \u00e1ltal szervezett programoknak. A projekt eredm\u00e9nyek\u00e9nt min\u00e9l t\u00f6bben \u00e9rdekl\u0151dnek a helyi \u00fcgyek ir\u00e1nt, azokr\u00f3l v\u00e9lem\u00e9nyt form\u00e1lnak, r\u00e9szt vesznek helyi folyamatokban, \u00e9s akt\u00edvan alak\u00edtj\u00e1k azokat. A kis telep\u00fcl\u00e9sek k\u00f6z\u00f6ss\u00e9geit dinamiz\u00e1l\u00f3 \u00e9s aktiviz\u00e1l\u00f3 fejleszt\u00e9si folyamatot k\u00f6z\u00f6s szakmai tervez\u00e9s \u00e9s seg\u00edts\u00e9gny\u00fajt\u00e1s teszi lehet\u0151v\u00e9. K\u00fcls\u0151 k\u00f6z\u00f6ss\u00e9gfejleszt\u0151 szak\u00e9rt\u0151k \u00e9s helyi szakmai megval\u00f3s\u00edt\u00f3k, k\u00f6z\u00f6ss\u00e9gi fejleszt\u0151k biztos\u00edtj\u00e1k a hozz\u00e1\u00e9rt\u00e9st \u00e9s hozz\u00e1f\u00e9r\u00e9st mindenkinek a folyamathoz. Az egyes telep\u00fcl\u00e9seken a szakmai tartalom elt\u00e9rhet, a telep\u00fcl\u00e9sek k\u00f6z\u00f6tti hangs\u00falyok eltol\u00e1sa seg\u00edti azt, hogy mind az 5 telep\u00fcl\u00e9s k\u00f6z\u00f6ss\u00e9ge a sz\u00e1m\u00e1ra legink\u00e1bb fontos tartalommal val\u00f3s\u00edthassa meg a projektet, amelyet eszk\u00f6zbeszerz\u00e9sek is t\u00e1mogatnak.<\/p>\n\n\n\n<p>             A projekt eg\u00e9sz\u00e9nek szakmai tartalm\u00e1t a megalapoz\u00f3, el\u0151k\u00e9sz\u00edt\u0151 id\u0151szak sor\u00e1n elv\u00e9gzett k\u00f6z\u00f6ss\u00e9gi felm\u00e9r\u00e9s eredm\u00e9nyei alapj\u00e1n elk\u00e9sz\u00fcl\u0151 k\u00f6z\u00f6ss\u00e9gi cselekv\u00e9si terv \u00e9s esem\u00e9nynapt\u00e1r v\u00e9gleges\u00edti. A k\u00f6z\u00f6ss\u00e9gfejleszt\u00e9si folyamatokat t\u00e1mogat\u00f3 fejleszt\u00e9s sor\u00e1n megval\u00f3sul a telep\u00fcl\u00e9sek k\u00f6z\u00f6ss\u00e9gi tev\u00e9kenys\u00e9geinek t\u00f6rt\u00e9neti felt\u00e1r\u00e1sa \u00e9s el\u00e9rhet\u0151v\u00e9 t\u00e9tele, a lakoss\u00e1g k\u00f6z\u00f6ss\u00e9gi egy\u00fcttm\u0171k\u00f6d\u00e9s\u00e9t dinamiz\u00e1l\u00f3 \u00e9s fenntart\u00f3 k\u00f6z\u00f6ss\u00e9gi tev\u00e9kenys\u00e9gek a rendezv\u00e9nynapt\u00e1rban tervezett id\u0151szakokban k\u00f6z\u00f6ss\u00e9gi akci\u00f3k, tev\u00e9kenys\u00e9gek, esem\u00e9nyek, programok \u00e9s folyamatok val\u00f3sulnak meg. L\u00e9trej\u00f6n k\u00e9t helyi nyilv\u00e1noss\u00e1gi f\u00f3rum. (Elk\u00e9sz\u00fcl egy \u00faj a t\u00e9rs\u00e9g t\u00e1rsadalm\u00e1t szolg\u00e1l\u00f3, k\u00f6z\u00f6ss\u00e9gi \u00fajs\u00e1g\u00edr\u00e1si alapokra&nbsp;&nbsp;&nbsp;&nbsp;&nbsp;&nbsp; \u00e9p\u00fcl\u0151 online fel\u00fclet: <a href=\"https:\/\/www.elozalavolgye.hu\/\">https:\/\/www.elozalavolgye.hu<\/a> valamint<a href=\"https:\/\/www.facebook.com\/elozalavolgye\/\"> https:\/\/www.facebook.com\/elozalavolgye\/<\/a>).     <br><br>           Megalakulnak \u00e9s m\u0171k\u00f6dnek r\u00e9szv\u00e9teli f\u00f3rumok. A projekt teljes id\u0151szaka alatt m\u0171k\u00f6dik mind az 5 telep\u00fcl\u00e9sen a helyieket a k\u00f6z\u00f6ss\u00e9gi fejleszt\u00e9si folyamatr\u00f3l t\u00e1j\u00e9koztat\u00f3 inform\u00e1ci\u00f3s pont. Ezek a fontos k\u00f6z\u00f6ss\u00e9gi tal\u00e1lkoz\u00e1si pontokon, a helyi kultur\u00e1lis terekben (m\u0171vel\u0151d\u00e9si h\u00e1z, IKSZT illetve faluh\u00e1z, k\u00f6nyvt\u00e1r) ker\u00fclnek kialak\u00edt\u00e1sra.<\/p>\n\n\n\n<p class=\"has-text-align-left\">           A projekt szakmai megval\u00f3s\u00edt\u00e1s\u00e1\u00e9rt felel\u0151s, helyi szakmai munkat\u00e1rsak a helyi k\u00f6zm\u0171vel\u0151d\u00e9si int\u00e9zm\u00e9nyekkel egy\u00fcttm\u0171k\u00f6dve biztos\u00edtj\u00e1k az el\u00e9rhet\u0151s\u00e9g\u00fcket. A megval\u00f3s\u00edt\u00f3k \u00e9s a \u201cmag\u201d k\u00e9pz\u00e9sei is biztos\u00edtj\u00e1k a szakmai elv\u00e1r\u00e1soknak val\u00f3 megfelel\u00e9st.<\/p>\n\n\n\n<p>A projekt az Eur\u00f3pai Uni\u00f3 t\u00e1mogat\u00e1s\u00e1val val\u00f3sult meg.<\/p>\n\n\n\n<figure class=\"wp-block-gallery has-nested-images columns-default is-cropped wp-block-gallery-2 is-layout-flex wp-block-gallery-is-layout-flex\">\n<figure class=\"wp-block-image size-large\"><img loading=\"lazy\" decoding=\"async\" width=\"1024\" height=\"478\" data-id=\"445\" src=\"https:\/\/pakod.hu\/wp-content\/uploads\/2025\/10\/minek3-1-1024x478.jpg\" alt=\"\" class=\"wp-image-445\" srcset=\"https:\/\/pakod.hu\/wp-content\/uploads\/2025\/10\/minek3-1-1024x478.jpg 1024w, https:\/\/pakod.hu\/wp-content\/uploads\/2025\/10\/minek3-1-300x140.jpg 300w, https:\/\/pakod.hu\/wp-content\/uploads\/2025\/10\/minek3-1-768x358.jpg 768w, https:\/\/pakod.hu\/wp-content\/uploads\/2025\/10\/minek3-1-1536x717.jpg 1536w, https:\/\/pakod.hu\/wp-content\/uploads\/2025\/10\/minek3-1-2048x956.jpg 2048w\" sizes=\"auto, (max-width: 1024px) 100vw, 1024px\" \/><\/figure>\n\n\n\n<figure class=\"wp-block-image size-large\"><img loading=\"lazy\" decoding=\"async\" width=\"1024\" height=\"478\" data-id=\"447\" src=\"https:\/\/pakod.hu\/wp-content\/uploads\/2025\/10\/minek2-2-1024x478.jpg\" alt=\"\" class=\"wp-image-447\" srcset=\"https:\/\/pakod.hu\/wp-content\/uploads\/2025\/10\/minek2-2-1024x478.jpg 1024w, https:\/\/pakod.hu\/wp-content\/uploads\/2025\/10\/minek2-2-300x140.jpg 300w, https:\/\/pakod.hu\/wp-content\/uploads\/2025\/10\/minek2-2-768x358.jpg 768w, https:\/\/pakod.hu\/wp-content\/uploads\/2025\/10\/minek2-2-1536x717.jpg 1536w, https:\/\/pakod.hu\/wp-content\/uploads\/2025\/10\/minek2-2-2048x956.jpg 2048w\" sizes=\"auto, (max-width: 1024px) 100vw, 1024px\" \/><\/figure>\n\n\n\n<figure class=\"wp-block-image size-large\"><img loading=\"lazy\" decoding=\"async\" width=\"1024\" height=\"478\" data-id=\"448\" src=\"https:\/\/pakod.hu\/wp-content\/uploads\/2025\/10\/minek-2-1024x478.jpg\" alt=\"\" class=\"wp-image-448\" srcset=\"https:\/\/pakod.hu\/wp-content\/uploads\/2025\/10\/minek-2-1024x478.jpg 1024w, https:\/\/pakod.hu\/wp-content\/uploads\/2025\/10\/minek-2-300x140.jpg 300w, https:\/\/pakod.hu\/wp-content\/uploads\/2025\/10\/minek-2-768x358.jpg 768w, https:\/\/pakod.hu\/wp-content\/uploads\/2025\/10\/minek-2-1536x717.jpg 1536w, https:\/\/pakod.hu\/wp-content\/uploads\/2025\/10\/minek-2-2048x956.jpg 2048w\" sizes=\"auto, (max-width: 1024px) 100vw, 1024px\" \/><\/figure>\n<\/figure>\n\n\n\n<div class=\"wp-block-file\"><a id=\"wp-block-file--media-adee9639-b6d9-458e-bd7c-7aba04dd01cc\" href=\"https:\/\/pakod.hu\/wp-content\/uploads\/2024\/11\/Cselekvesi-terv.pdf\">Cselekv\u00e9si terv<\/a><\/div>\n\n\n\n<div class=\"wp-block-file\"><a id=\"wp-block-file--media-7bc1d80d-1e62-46bf-88b5-458dc08ab4db\" href=\"https:\/\/pakod.hu\/wp-content\/uploads\/2024\/11\/Interjuk-osszegzes.pdf\">Interj\u00fak \u00f6sszegz\u00e9s<\/a><\/div>\n\n\n\n<div class=\"wp-block-file\"><a id=\"wp-block-file--media-a8a6b0bd-4037-4f6d-9e9a-f2bccb6d7aea\" href=\"https:\/\/pakod.hu\/wp-content\/uploads\/2024\/11\/Kozossegi-beszelgetes_osszefoglalas.pdf\">K\u00f6z\u00f6ss\u00e9gi besz\u00e9lget\u00e9s_\u00f6sszefoglal\u00e1s<\/a><\/div>\n\n\n\n<div class=\"wp-block-file\"><a id=\"wp-block-file--media-9b301324-1086-4890-bf1a-11ff12b3a0d1\" href=\"https:\/\/pakod.hu\/wp-content\/uploads\/2024\/11\/Kozossegi-felmeres-osszegzes-es-ertekeles.pdf\">K\u00f6z\u00f6ss\u00e9gi felm\u00e9r\u00e9s \u00f6sszegz\u00e9s \u00e9s \u00e9rt\u00e9kel\u00e9s<\/a><\/div>\n\n\n\n<div class=\"wp-block-file\"><a id=\"wp-block-file--media-93eae80d-3e2d-4ae2-b999-44b34b67f555\" href=\"https:\/\/pakod.hu\/wp-content\/uploads\/2024\/11\/Rendezvenynaptar.pdf\">Rendezv\u00e9nynapt\u00e1r<\/a><\/div>\n\n\n\n<div class=\"wp-block-file\"><a id=\"wp-block-file--media-ee1f724a-a897-4d28-8ee6-237915df20cb\" href=\"https:\/\/pakod.hu\/wp-content\/uploads\/2024\/11\/Szakmai-megalapozo-dokumentum.pdf\">Szakmai megalapoz\u00f3 dokumentum<\/a><\/div>\n\n\n\n<div class=\"wp-block-file\"><a id=\"wp-block-file--media-2ce8fb6c-b68b-408d-8561-1ff4fd91cb3d\" href=\"https:\/\/pakod.hu\/wp-content\/uploads\/2024\/11\/Torteneti-feltaras-dokumentum.pdf\">T\u00f6rt\u00e9neti felt\u00e1r\u00e1s dokumentum<\/a><\/div>\n\n\n\n<div class=\"wp-block-file\"><a id=\"wp-block-file--media-35a36631-74f8-416d-9de1-302909595cff\" href=\"https:\/\/pakod.hu\/wp-content\/uploads\/2024\/11\/Torteneti_Kozossegi-fuzet_Pakod.pdf\">T\u00f6rt\u00e9neti_K\u00f6z\u00f6ss\u00e9gi f\u00fczet_Pakod<\/a><\/div>\n\n\n\n<div class=\"wp-block-file\"><a id=\"wp-block-file--media-929aa28d-0a04-4ada-82bb-74ec6fe7a86c\" href=\"https:\/\/pakod.hu\/wp-content\/uploads\/2024\/11\/Zarotanulmany.pdf\">Z\u00e1r\u00f3tanulm\u00e1ny<\/a><\/div>\n\n\n\n<hr class=\"wp-block-separator has-alpha-channel-opacity\"\/>\n\n\n\n<p>T\u00c9RS\u00c9GI T\u00dcK\u00d6R<\/p>\n\n\n\n<div class=\"wp-block-file\"><a id=\"wp-block-file--media-b4124295-d3f8-4312-b3de-0b4a57c9fab5\" href=\"https:\/\/pakod.hu\/wp-content\/uploads\/2024\/11\/Tersegi-Tukor_2022_augusztus.pdf\">T\u00e9rs\u00e9gi T\u00fck\u00f6r_2022_augusztus<\/a><\/div>\n\n\n\n<div class=\"wp-block-file\"><a id=\"wp-block-file--media-fa7ffef1-6601-4510-8613-1349770e3cbf\" href=\"https:\/\/pakod.hu\/wp-content\/uploads\/2024\/11\/Tersegi-Tukor_2022_julius.pdf\">T\u00e9rs\u00e9gi T\u00fck\u00f6r_2022_j\u00falius<\/a><\/div>\n\n\n\n<div class=\"wp-block-file\"><a id=\"wp-block-file--media-b29d8d1a-b685-4678-8e5b-8e0fe84d350a\" href=\"https:\/\/pakod.hu\/wp-content\/uploads\/2024\/11\/Tersegi-Tukor_2022_november.pdf\">T\u00e9rs\u00e9gi T\u00fck\u00f6r_2022_november<\/a><\/div>\n\n\n\n<div class=\"wp-block-file\"><a id=\"wp-block-file--media-3323f529-6734-445a-9267-20f2f8d88529\" href=\"https:\/\/pakod.hu\/wp-content\/uploads\/2024\/11\/Tersegi-Tukor_2023_junius.pdf\">T\u00e9rs\u00e9gi T\u00fck\u00f6r_2023_j\u00fanius<\/a><\/div>\n\n\n\n<div class=\"wp-block-file\"><a id=\"wp-block-file--media-a286d765-8c95-4c7d-ba4b-17760d2fb05d\" href=\"https:\/\/pakod.hu\/wp-content\/uploads\/2024\/11\/Tersegi-Tukor_2023_marcius.pdf\">T\u00e9rs\u00e9gi T\u00fck\u00f6r_2023_m\u00e1rcius<\/a><\/div>\n\n\n\n<p><\/p>\n","protected":false},"excerpt":{"rendered":"<p>Megval\u00f3sult LEADER \u2013 Pakod K\u00f6zs\u00e9g \u00d6nkorm\u00e1nyzata Kedvezm\u00e9nyezett neve:&nbsp;&nbsp;&nbsp;&nbsp;&nbsp;&nbsp;&nbsp;&nbsp;&nbsp;&nbsp;&nbsp;&nbsp;&nbsp;&nbsp;&nbsp;&nbsp; Pakod K\u00f6zs\u00e9g \u00d6nkorm\u00e1nyzata \u00dcgyf\u00e9lazonos\u00edt\u00f3: &nbsp;&nbsp;&nbsp;&nbsp;&nbsp;&nbsp;&nbsp;&nbsp;&nbsp;&nbsp;&nbsp;&nbsp;&nbsp;&nbsp;&nbsp;&nbsp;&nbsp;&nbsp;&nbsp;&nbsp;&nbsp;&nbsp;&nbsp;&nbsp;&nbsp;&nbsp; 1003171479 Projekt azonos\u00edt\u00f3ja:&nbsp;&nbsp;&nbsp;&nbsp;&nbsp;&nbsp;&nbsp;&nbsp;&nbsp;&nbsp;&nbsp;&nbsp;&nbsp;&nbsp;&nbsp;&nbsp;&nbsp;&nbsp;&nbsp;&nbsp;&nbsp;&nbsp; 3444193846 Felh\u00edv\u00e1s: Zala Term\u00e1lv\u00f6lgye Egyes\u00fclet- Helyi fejleszt\u00e9sek t\u00e1mogat\u00e1sa c\u00edm\u0171, VP6-19.2.1.-99-14-23 C\u00edme: K\u00f6z\u00f6ss\u00e9gi pihen\u0151hely kialak\u00edt\u00e1sa Pakodon Szerz\u0151d\u00f6tt t\u00e1mogat\u00e1s \u00f6sszege: 7.999.860 Ft T\u00e1mogat\u00e1s intenzit\u00e1sa (%-ban): 95 % Pakod, Cs\u00e1ny L. u. 248\/1 hrsz. ingatlanon 2024. \u00e1prilis 10. napj\u00e1n a munkater\u00fclet \u00e1tad\u00e1ssal [&hellip;]<\/p>\n","protected":false},"author":1,"featured_media":0,"parent":0,"menu_order":0,"comment_status":"closed","ping_status":"closed","template":"","meta":{"footnotes":""},"class_list":["post-41","page","type-page","status-publish","hentry"],"_links":{"self":[{"href":"https:\/\/pakod.hu\/index.php\/wp-json\/wp\/v2\/pages\/41","targetHints":{"allow":["GET"]}}],"collection":[{"href":"https:\/\/pakod.hu\/index.php\/wp-json\/wp\/v2\/pages"}],"about":[{"href":"https:\/\/pakod.hu\/index.php\/wp-json\/wp\/v2\/types\/page"}],"author":[{"embeddable":true,"href":"https:\/\/pakod.hu\/index.php\/wp-json\/wp\/v2\/users\/1"}],"replies":[{"embeddable":true,"href":"https:\/\/pakod.hu\/index.php\/wp-json\/wp\/v2\/comments?post=41"}],"version-history":[{"count":9,"href":"https:\/\/pakod.hu\/index.php\/wp-json\/wp\/v2\/pages\/41\/revisions"}],"predecessor-version":[{"id":452,"href":"https:\/\/pakod.hu\/index.php\/wp-json\/wp\/v2\/pages\/41\/revisions\/452"}],"wp:attachment":[{"href":"https:\/\/pakod.hu\/index.php\/wp-json\/wp\/v2\/media?parent=41"}],"curies":[{"name":"wp","href":"https:\/\/api.w.org\/{rel}","templated":true}]}}