{"id":522,"date":"2026-05-03T07:46:31","date_gmt":"2026-05-03T07:46:31","guid":{"rendered":"https:\/\/pakod.hu\/?page_id=522"},"modified":"2026-05-03T07:47:35","modified_gmt":"2026-05-03T07:47:35","slug":"adougyek","status":"publish","type":"page","link":"https:\/\/pakod.hu\/index.php\/adougyek\/","title":{"rendered":"AD\u00d3\u00dcGYEK"},"content":{"rendered":"\n<p>AD\u00d3HAT\u00d3S\u00c1GI K\u00c9RELEM<\/p>\n\n\n\n<div class=\"wp-block-file\"><a id=\"wp-block-file--media-05a42361-bfb6-47e3-88bb-939508059c8e\" href=\"https:\/\/pakod.hu\/wp-content\/uploads\/2026\/04\/Adohatosagi-igazolas-tajekoztatas.pdf\">Adohatosagi-igazolas-tajekoztatas<\/a><\/div>\n\n\n\n<div class=\"wp-block-file\"><a id=\"wp-block-file--media-cf93195a-3d68-443d-b448-b7e00cdba185\" href=\"https:\/\/pakod.hu\/wp-content\/uploads\/2026\/04\/Adoigazolas-kerelem.docx\">Ad\u00f3igazol\u00e1s k\u00e9relem<\/a><\/div>\n\n\n\n<hr class=\"wp-block-separator has-alpha-channel-opacity is-style-wide\"\/>\n\n\n\n<p>AMYAK\u00d6NYVI \u00dcGYEK<\/p>\n\n\n\n<div class=\"wp-block-file\"><a id=\"wp-block-file--media-615b21a6-18f7-47bf-8444-e33566cb89b0\" href=\"https:\/\/pakod.hu\/wp-content\/uploads\/2026\/04\/Anyakonyvi-ugyek-tajekoztato.docx\">Anyak\u00f6nyvi \u00fcgyek t\u00e1j\u00e9koztat\u00f3<\/a><\/div>\n\n\n\n<div class=\"wp-block-file\"><a id=\"wp-block-file--media-a9283afa-ae78-41dd-8afb-aa8c33889ebb\" href=\"https:\/\/pakod.hu\/wp-content\/uploads\/2026\/04\/ANYAKONYV.docx\">ANYAK\u00d6NYV<\/a><\/div>\n\n\n\n<hr class=\"wp-block-separator has-alpha-channel-opacity is-style-wide\"\/>\n\n\n\n<p>G\u00c9PJ\u00c1RM\u0170AD\u00d3<\/p>\n\n\n\n<div class=\"wp-block-file\"><a id=\"wp-block-file--media-5a7460b0-74de-4f94-9c1e-533f02205ce4\" href=\"https:\/\/pakod.hu\/wp-content\/uploads\/2026\/04\/Gepjarmuado.docx\">G\u00e9pj\u00e1rm\u0171ad\u00f3<\/a><\/div>\n\n\n\n<hr class=\"wp-block-separator has-alpha-channel-opacity is-style-wide\"\/>\n\n\n\n<p>ELEKTRONIKUS \u00dcGYINT\u00c9Z\u00c9S<\/p>\n\n\n\n<div class=\"wp-block-file\"><a id=\"wp-block-file--media-7fbc9005-1eb6-4b88-94df-27ee0b851e67\" href=\"https:\/\/pakod.hu\/wp-content\/uploads\/2026\/04\/Elektronikus-ugyintezes.docx\">Elektronikus \u00fcgyint\u00e9z\u00e9s<\/a><\/div>\n\n\n\n<div class=\"wp-block-file\"><a id=\"wp-block-file--media-4c0f6c63-ccf9-4ec9-aa0d-186d0465d052\" href=\"https:\/\/pakod.hu\/wp-content\/uploads\/2026\/04\/Beszedesi-szamlaszamok.docx\">Beszed\u00e9si sz\u00e1mlasz\u00e1mok<\/a><\/div>\n\n\n\n<hr class=\"wp-block-separator has-alpha-channel-opacity is-style-wide\"\/>\n\n\n\n<p>IPAR\u0170Z\u00c9SI AD\u00d3<\/p>\n\n\n\n<div class=\"wp-block-file\"><a id=\"wp-block-file--media-e7ff821a-e210-4209-8def-1ce3724a749b\" href=\"https:\/\/pakod.hu\/wp-content\/uploads\/2026\/04\/Iparuzesi-ado.docx\">Ipar\u0171z\u00e9si ad\u00f3<\/a><\/div>\n\n\n\n<hr class=\"wp-block-separator has-alpha-channel-opacity is-style-wide\"\/>\n\n\n\n<p>KOMMUN\u00c1LIS AD\u00d3<\/p>\n\n\n\n<div class=\"wp-block-file\"><a id=\"wp-block-file--media-694044d0-e02a-4240-829b-2c88f0d69acc\" href=\"https:\/\/pakod.hu\/wp-content\/uploads\/2026\/04\/Maganszemelyek-kommunalis-adoja-tajekoztato.docx\">Maganszemelyek-kommunalis-adoja t\u00e1j\u00e9koztat\u00f3<\/a><\/div>\n\n\n\n<div class=\"wp-block-file\"><a id=\"wp-block-file--media-b52afbb8-701a-49aa-95e0-ac6469cf288f\" href=\"https:\/\/pakod.hu\/wp-content\/uploads\/2026\/04\/MEGALLAPODAS-adoval-kapcsolatos-kotelezettsegekrol-es-jogokrol.pdf\">MEGALLAPODAS-adoval-kapcsolatos-kotelezettsegekrol-es-jogokrol<\/a><\/div>\n\n\n\n<div class=\"wp-block-file\"><a id=\"wp-block-file--media-de324bd4-1c32-45fb-9405-b702dd341525\" href=\"https:\/\/pakod.hu\/wp-content\/uploads\/2026\/04\/Maganszemely_kommunalis_adoja_nyomtatvany_kitoltesi_utmutato.docx\">Maganszemely_kommunalis_adoja_nyomtatvany_kitoltesi_utmutato<\/a><\/div>\n\n\n\n<hr class=\"wp-block-separator has-alpha-channel-opacity is-style-wide\"\/>\n\n\n\n<p>M\u00c9LT\u00c1NYOSS\u00c1GI K\u00c9RELEM<\/p>\n\n\n\n<div class=\"wp-block-file\"><a id=\"wp-block-file--media-3b462572-dbca-4056-aa07-c691022b323e\" href=\"https:\/\/pakod.hu\/wp-content\/uploads\/2026\/04\/Meltanyossagi-kerelem-tajekoztato.pdf\">Meltanyossagi-kerelem-tajekoztato<\/a><\/div>\n\n\n\n<div class=\"wp-block-file\"><a id=\"wp-block-file--media-6d221b18-ae37-42a4-847b-9a0d343f7e56\" href=\"https:\/\/pakod.hu\/wp-content\/uploads\/2026\/04\/meltanyossagi-kerelem-maganszemely.pdf\">meltanyossagi-kerelem-maganszemely<\/a><\/div>\n\n\n\n<div class=\"wp-block-file\"><a id=\"wp-block-file--media-3dac3c7f-a67e-4c17-98d8-a529f922806a\" href=\"https:\/\/pakod.hu\/wp-content\/uploads\/2026\/04\/Automatikus-reszletfizetesi-kerelem.docx\">Automatikus r\u00e9szletfizet\u00e9si k\u00e9relem<\/a><\/div>\n\n\n\n<div class=\"wp-block-file\"><a id=\"wp-block-file--media-b59378e0-5dd1-4f07-8c13-29288c332bc2\" href=\"https:\/\/pakod.hu\/wp-content\/uploads\/2026\/04\/Igazolasi-kerelem-hatarido-elmulasztasa-eseten.docx\">Igazol\u00e1si k\u00e9relem hat\u00e1rid\u0151 elmulaszt\u00e1sa eset\u00e9n<\/a><\/div>\n\n\n\n<hr class=\"wp-block-separator has-alpha-channel-opacity is-style-wide\"\/>\n\n\n\n<p>TALAJTERHEL\u00c9SI D\u00cdJ<\/p>\n\n\n\n<div class=\"wp-block-file\"><a id=\"wp-block-file--media-64d11a09-c1f2-4beb-b47d-7e147c2216d7\" href=\"https:\/\/pakod.hu\/wp-content\/uploads\/2026\/04\/Talajterhelesi-dij-tajekoztato.docx\">Talajterhel\u00e9si d\u00edj t\u00e1j\u00e9koztat\u00f3<\/a><\/div>\n\n\n\n<div class=\"wp-block-file\"><a id=\"wp-block-file--media-28ec24bc-8edd-4f12-9408-515cd48a0fdd\" href=\"https:\/\/pakod.hu\/wp-content\/uploads\/2026\/04\/Talajterhelesi-dij-Bevallasi-nyomtatvany-talajterhelesi-dijfizetesi-kotelezettsegrol.docx\">Talajterhel\u00e9si d\u00edj &#8211; Bevall\u00e1si nyomtatv\u00e1ny talajterhel\u00e9si d\u00edjfizet\u00e9si k\u00f6telezetts\u00e9gr\u0151l<\/a><\/div>\n\n\n\n<hr class=\"wp-block-separator has-alpha-channel-opacity is-style-wide\"\/>\n\n\n\n<p>T\u00daLFIZET\u00c9S<\/p>\n\n\n\n<div class=\"wp-block-file\"><a id=\"wp-block-file--media-036384de-3406-4fc7-8a21-a810d0bde572\" href=\"https:\/\/pakod.hu\/wp-content\/uploads\/2026\/04\/Tulfizetes-atvezetesi-kerelem.pdf\">T\u00falfizet\u00e9s \u00e1tvezet\u00e9si k\u00e9relem<\/a><\/div>\n\n\n\n<div class=\"wp-block-file\"><a id=\"wp-block-file--media-3a7ab5f5-86df-423e-8394-892bdd5186f6\" href=\"https:\/\/pakod.hu\/wp-content\/uploads\/2026\/04\/Tulfizetes-visszautalasi-kerelem.pdf\">T\u00falfizet\u00e9s visszautal\u00e1si k\u00e9relem<\/a><\/div>\n\n\n\n<hr class=\"wp-block-separator has-alpha-channel-opacity is-style-wide\"\/>\n\n\n\n<p><\/p>\n","protected":false},"excerpt":{"rendered":"<p>AD\u00d3HAT\u00d3S\u00c1GI K\u00c9RELEM AMYAK\u00d6NYVI \u00dcGYEK G\u00c9PJ\u00c1RM\u0170AD\u00d3 ELEKTRONIKUS \u00dcGYINT\u00c9Z\u00c9S IPAR\u0170Z\u00c9SI AD\u00d3 KOMMUN\u00c1LIS AD\u00d3 M\u00c9LT\u00c1NYOSS\u00c1GI K\u00c9RELEM TALAJTERHEL\u00c9SI D\u00cdJ T\u00daLFIZET\u00c9S<\/p>\n","protected":false},"author":1,"featured_media":0,"parent":0,"menu_order":0,"comment_status":"closed","ping_status":"closed","template":"","meta":{"footnotes":""},"class_list":["post-522","page","type-page","status-publish","hentry"],"_links":{"self":[{"href":"https:\/\/pakod.hu\/index.php\/wp-json\/wp\/v2\/pages\/522","targetHints":{"allow":["GET"]}}],"collection":[{"href":"https:\/\/pakod.hu\/index.php\/wp-json\/wp\/v2\/pages"}],"about":[{"href":"https:\/\/pakod.hu\/index.php\/wp-json\/wp\/v2\/types\/page"}],"author":[{"embeddable":true,"href":"https:\/\/pakod.hu\/index.php\/wp-json\/wp\/v2\/users\/1"}],"replies":[{"embeddable":true,"href":"https:\/\/pakod.hu\/index.php\/wp-json\/wp\/v2\/comments?post=522"}],"version-history":[{"count":2,"href":"https:\/\/pakod.hu\/index.php\/wp-json\/wp\/v2\/pages\/522\/revisions"}],"predecessor-version":[{"id":526,"href":"https:\/\/pakod.hu\/index.php\/wp-json\/wp\/v2\/pages\/522\/revisions\/526"}],"wp:attachment":[{"href":"https:\/\/pakod.hu\/index.php\/wp-json\/wp\/v2\/media?parent=522"}],"curies":[{"name":"wp","href":"https:\/\/api.w.org\/{rel}","templated":true}]}}