{"id":606,"date":"2026-05-03T10:48:52","date_gmt":"2026-05-03T10:48:52","guid":{"rendered":"https:\/\/pakod.hu\/?page_id=606"},"modified":"2026-05-03T11:48:15","modified_gmt":"2026-05-03T11:48:15","slug":"szabalyzatok","status":"publish","type":"page","link":"https:\/\/pakod.hu\/index.php\/szabalyzatok\/","title":{"rendered":"SZAB\u00c1LYZATOK"},"content":{"rendered":"\n<div class=\"wp-block-file\"><a id=\"wp-block-file--media-98a2fcda-7961-4b43-96c9-ba66795a58b6\" href=\"https:\/\/pakod.hu\/wp-content\/uploads\/2026\/05\/SZMSZ-modositasa-1.pdf\">SZMSZ m\u00f3dos\u00edt\u00e1sa<\/a><\/div>\n\n\n\n<div class=\"wp-block-file\"><a id=\"wp-block-file--media-dd02b129-23c0-409a-a850-df70769c2bd9\" href=\"https:\/\/pakod.hu\/wp-content\/uploads\/2026\/05\/Szamviteli-politika-1.pdf\">Sz\u00e1mviteli politika<\/a><\/div>\n\n\n\n<div class=\"wp-block-file\"><a id=\"wp-block-file--media-c88edb9b-aeda-421f-ba40-f92668ae71b6\" href=\"https:\/\/pakod.hu\/wp-content\/uploads\/2026\/05\/Penzkezelesi-szabalyzat-2.pdf\">P\u00e9nzkezel\u00e9si szab\u00e1lyzat<\/a><\/div>\n\n\n\n<div class=\"wp-block-file\"><a id=\"wp-block-file--media-37386a05-768a-4494-84fc-301a0c4612a3\" href=\"https:\/\/pakod.hu\/wp-content\/uploads\/2026\/05\/Leltarkeszitesi-szabalyzat-1.pdf\">Lelt\u00e1rk\u00e9sz\u00edt\u00e9si szab\u00e1lyzat<\/a><\/div>\n\n\n\n<div class=\"wp-block-file\"><a id=\"wp-block-file--media-9a4e946a-cfe9-47d6-b7f8-c0d0b398275b\" href=\"https:\/\/pakod.hu\/wp-content\/uploads\/2026\/05\/Kiadmanyozasi-szabalyzat-2025.01.13_-003-1.docx\">Kiadm\u00e1nyoz\u00e1si szab\u00e1lyzat 2025.01.13_ (003)<\/a><\/div>\n\n\n\n<div class=\"wp-block-file\"><a id=\"wp-block-file--media-2b491997-1e1d-4480-ae37-a11242f1f0a3\" href=\"https:\/\/pakod.hu\/wp-content\/uploads\/2026\/05\/Gazdalkodasi-szabalyzat-2.pdf\">Gazd\u00e1lkod\u00e1si szab\u00e1lyzat<\/a><\/div>\n\n\n\n<div class=\"wp-block-file\"><a id=\"wp-block-file--media-5a2b5ee5-8137-44ca-adbe-a5c423a3fc52\" href=\"https:\/\/pakod.hu\/wp-content\/uploads\/2026\/05\/Ertekelesi-szabalyzat-2.pdf\">\u00c9rt\u00e9kel\u00e9si szab\u00e1lyzat<\/a><\/div>\n\n\n\n<p><\/p>\n","protected":false},"excerpt":{"rendered":"","protected":false},"author":1,"featured_media":0,"parent":0,"menu_order":0,"comment_status":"closed","ping_status":"closed","template":"","meta":{"footnotes":""},"class_list":["post-606","page","type-page","status-publish","hentry"],"_links":{"self":[{"href":"https:\/\/pakod.hu\/index.php\/wp-json\/wp\/v2\/pages\/606","targetHints":{"allow":["GET"]}}],"collection":[{"href":"https:\/\/pakod.hu\/index.php\/wp-json\/wp\/v2\/pages"}],"about":[{"href":"https:\/\/pakod.hu\/index.php\/wp-json\/wp\/v2\/types\/page"}],"author":[{"embeddable":true,"href":"https:\/\/pakod.hu\/index.php\/wp-json\/wp\/v2\/users\/1"}],"replies":[{"embeddable":true,"href":"https:\/\/pakod.hu\/index.php\/wp-json\/wp\/v2\/comments?post=606"}],"version-history":[{"count":6,"href":"https:\/\/pakod.hu\/index.php\/wp-json\/wp\/v2\/pages\/606\/revisions"}],"predecessor-version":[{"id":623,"href":"https:\/\/pakod.hu\/index.php\/wp-json\/wp\/v2\/pages\/606\/revisions\/623"}],"wp:attachment":[{"href":"https:\/\/pakod.hu\/index.php\/wp-json\/wp\/v2\/media?parent=606"}],"curies":[{"name":"wp","href":"https:\/\/api.w.org\/{rel}","templated":true}]}}