{"id":64,"date":"2024-03-21T14:15:37","date_gmt":"2024-03-21T14:15:37","guid":{"rendered":"https:\/\/pakod.hu\/?page_id=64"},"modified":"2025-05-15T07:08:25","modified_gmt":"2025-05-15T07:08:25","slug":"kapcsolat-2","status":"publish","type":"page","link":"https:\/\/pakod.hu\/index.php\/kapcsolat-2\/","title":{"rendered":"KAPCSOLAT"},"content":{"rendered":"<p><strong>Pakod \u00d6nkorm\u00e1nyzati hivatal<\/strong><\/p>\n<p><strong>8799 Pakod Cs\u00e1ny L\u00e1szl\u00f3 utca 2. <\/strong><\/p>\n<p>Telefonsz\u00e1m: \u00a0\u00a0\u00a0\u00a0\u00a0\u00a0 0683\/576-020<\/p>\n<p>0630\/226-3291<\/p>\n<p><u>Polg\u00e1rmester : Horv\u00e1th Mikl\u00f3s<\/u><\/p>\n<p>horvath.miklos@pakod.hu<\/p>\n<p>&nbsp;<\/p>\n<p>K\u00e9pvisel\u0151test\u00fclet:<\/p>\n<p>&nbsp;<\/p>\n<p>&nbsp;<\/p>\n<p>&nbsp;<\/p>\n<p>&nbsp;<\/p>\n<p><strong><u>Hivatali \u00dcgyf\u00e9lfogad\u00e1si id\u0151:<\/u><\/strong><\/p>\n<p>H\u00e9tf\u0151:\u00a0\u00a0\u00a0\u00a0\u00a0\u00a0\u00a0\u00a0 8:00<sup>&#8211;<\/sup>12:00;13:00-15:30<\/p>\n<p>Kedd: \u00a0\u00a0\u00a0\u00a0\u00a0\u00a0\u00a0\u00a0 \u00dcgyf\u00e9lfogad\u00e1s sz\u00fcnetel<\/p>\n<p>Szerda:\u00a0\u00a0\u00a0\u00a0\u00a0\u00a0\u00a0 8:00-12:00<\/p>\n<p>Cs\u00fct\u00f6rt\u00f6k:\u00a0 8:00-12:00; 13:00-15:30<\/p>\n<p>P\u00e9ntek:\u00a0 \u00a0 \u00a0 \u00a08:00-12:00<\/p>\n<p>&nbsp;<\/p>\n<p>pakodhiv@t-online.hu<\/p>\n","protected":false},"excerpt":{"rendered":"<p>Pakod \u00d6nkorm\u00e1nyzati hivatal 8799 Pakod Cs\u00e1ny L\u00e1szl\u00f3 utca 2. Telefonsz\u00e1m: \u00a0\u00a0\u00a0\u00a0\u00a0\u00a0 0683\/576-020 0630\/226-3291 Polg\u00e1rmester : Horv\u00e1th Mikl\u00f3s horvath.miklos@pakod.hu &nbsp; K\u00e9pvisel\u0151test\u00fclet: &nbsp; &nbsp; &nbsp; &nbsp; Hivatali \u00dcgyf\u00e9lfogad\u00e1si id\u0151: H\u00e9tf\u0151:\u00a0\u00a0\u00a0\u00a0\u00a0\u00a0\u00a0\u00a0 8:00&#8211;12:00;13:00-15:30 Kedd: \u00a0\u00a0\u00a0\u00a0\u00a0\u00a0\u00a0\u00a0 \u00dcgyf\u00e9lfogad\u00e1s sz\u00fcnetel Szerda:\u00a0\u00a0\u00a0\u00a0\u00a0\u00a0\u00a0 8:00-12:00 Cs\u00fct\u00f6rt\u00f6k:\u00a0 8:00-12:00; 13:00-15:30 P\u00e9ntek:\u00a0 \u00a0 \u00a0 \u00a08:00-12:00 &nbsp; pakodhiv@t-online.hu<\/p>\n","protected":false},"author":1,"featured_media":0,"parent":0,"menu_order":0,"comment_status":"closed","ping_status":"closed","template":"","meta":{"footnotes":""},"class_list":["post-64","page","type-page","status-publish","hentry"],"_links":{"self":[{"href":"https:\/\/pakod.hu\/index.php\/wp-json\/wp\/v2\/pages\/64","targetHints":{"allow":["GET"]}}],"collection":[{"href":"https:\/\/pakod.hu\/index.php\/wp-json\/wp\/v2\/pages"}],"about":[{"href":"https:\/\/pakod.hu\/index.php\/wp-json\/wp\/v2\/types\/page"}],"author":[{"embeddable":true,"href":"https:\/\/pakod.hu\/index.php\/wp-json\/wp\/v2\/users\/1"}],"replies":[{"embeddable":true,"href":"https:\/\/pakod.hu\/index.php\/wp-json\/wp\/v2\/comments?post=64"}],"version-history":[{"count":4,"href":"https:\/\/pakod.hu\/index.php\/wp-json\/wp\/v2\/pages\/64\/revisions"}],"predecessor-version":[{"id":397,"href":"https:\/\/pakod.hu\/index.php\/wp-json\/wp\/v2\/pages\/64\/revisions\/397"}],"wp:attachment":[{"href":"https:\/\/pakod.hu\/index.php\/wp-json\/wp\/v2\/media?parent=64"}],"curies":[{"name":"wp","href":"https:\/\/api.w.org\/{rel}","templated":true}]}}