{"id":682,"date":"2026-05-10T08:17:38","date_gmt":"2026-05-10T08:17:38","guid":{"rendered":"https:\/\/pakod.hu\/?page_id=682"},"modified":"2026-05-10T08:26:58","modified_gmt":"2026-05-10T08:26:58","slug":"jegyzokonyvek-rendeletek","status":"publish","type":"page","link":"https:\/\/pakod.hu\/index.php\/jegyzokonyvek-rendeletek\/","title":{"rendered":"JEGYZ\u0150K\u00d6NYVEK, RENDELETEK"},"content":{"rendered":"\n<p>8. A test\u00fcleti szerv d\u00f6nt\u00e9sei el\u0151k\u00e9sz\u00edt\u00e9s\u00e9nek rendje, az \u00e1llampolg\u00e1ri k\u00f6zrem\u0171k\u00f6d\u00e9s (v\u00e9lem\u00e9nyez\u00e9s) m\u00f3dja, elj\u00e1r\u00e1si szab\u00e1lyai, a test\u00fcleti szerv \u00fcl\u00e9seinek helye, ideje, tov\u00e1bb\u00e1 nyilv\u00e1noss\u00e1ga, d\u00f6nt\u00e9sei, \u00fcl\u00e9s\u00e9nek jegyz\u0151k\u00f6nyvei, illetve \u00f6sszefoglal\u00f3i; a test\u00fcleti szerv szavaz\u00e1s\u00e1nak adatai, ha ezt jogszab\u00e1ly nem korl\u00e1tozza<\/p>\n\n\n\n<p><a href=\"https:\/\/or.njt.hu\/eli\/437574\/r\/2025\/8\">Pakod K\u00f6zs\u00e9g \u00d6nkorm\u00e1nyzata K\u00e9pvisel\u0151-test\u00fclet\u00e9nek 8\/2025. (XI. 22.) \u00f6nkorm\u00e1nyzati rendelete<\/a> Pakod K\u00f6zs\u00e9g \u00d6nkorm\u00e1nyzat\u00e1nak Szervezeti \u00e9s M\u0171k\u00f6d\u00e9si Szab\u00e1lyzat\u00e1r\u00f3l az al\u00e1bbi linken \u00e9rhet\u0151 el:<\/p>\n\n\n\n<p><a href=\"https:\/\/or.njt.hu\/eli\/437574\/r\/2025\/8\">https:\/\/or.njt.hu\/eli\/437574\/r\/2025\/8<\/a><\/p>\n\n\n\n<p>Pakod K\u00f6zs\u00e9g \u00d6nkorm\u00e1nyzata K\u00e9pvisel\u0151-test\u00fcleti \u00fcl\u00e9seinek Megh\u00edv\u00f3i az al\u00e1bbi linken \u00e9rhet\u0151k el:<\/p>\n\n\n\n<p>2026.<\/p>\n\n\n\n<div class=\"wp-block-file\"><a id=\"wp-block-file--media-f124f183-15d4-43ab-bba1-37a03f50da61\" href=\"https:\/\/pakod.hu\/wp-content\/uploads\/2026\/05\/meghivo-Pakod-2026.01.20.pdf\">megh\u00edv\u00f3 Pakod 2026.01.20<\/a><\/div>\n\n\n\n<div class=\"wp-block-file\"><a id=\"wp-block-file--media-650ead78-45cf-4b6c-892d-dad38c68ffd4\" href=\"https:\/\/pakod.hu\/wp-content\/uploads\/2026\/05\/meghivo-Pakod-2026.02.05.pdf\">megh\u00edv\u00f3 Pakod 2026.02.05<\/a><\/div>\n\n\n\n<div class=\"wp-block-file\"><a id=\"wp-block-file--media-93bc567c-7c48-4971-98a1-c086dd31eb69\" href=\"https:\/\/pakod.hu\/wp-content\/uploads\/2026\/05\/meghivo-Pakod-2026.02.18.pdf\">megh\u00edv\u00f3 Pakod 2026.02.18<\/a><\/div>\n\n\n\n<p>2025.<\/p>\n\n\n\n<div class=\"wp-block-file\"><a id=\"wp-block-file--media-23f5d979-f43c-4da3-bb49-bf5eee13af1e\" href=\"https:\/\/pakod.hu\/wp-content\/uploads\/2026\/05\/meghivo-Pakod-2025.02.06.pdf\">megh\u00edv\u00f3 Pakod 2025.02.06<\/a><\/div>\n\n\n\n<div class=\"wp-block-file\"><a id=\"wp-block-file--media-24557813-68a1-4e53-b2ac-eca318ada550\" href=\"https:\/\/pakod.hu\/wp-content\/uploads\/2026\/05\/meghivo-Pakod-2025.02.19.pdf\">megh\u00edv\u00f3 Pakod 2025.02.19<\/a><\/div>\n\n\n\n<div class=\"wp-block-file\"><a id=\"wp-block-file--media-05693b6a-9154-40fb-8b6c-7fcc97c164d6\" href=\"https:\/\/pakod.hu\/wp-content\/uploads\/2026\/05\/meghivo-Pakod-2025.03.20.pdf\">megh\u00edv\u00f3 Pakod 2025.03.20<\/a><\/div>\n\n\n\n<div class=\"wp-block-file\"><a id=\"wp-block-file--media-c4edf1f1-8a17-4216-815f-56bcc7e3e2d0\" href=\"https:\/\/pakod.hu\/wp-content\/uploads\/2026\/05\/meghivo-Pakod-2025.04.14.pdf\">megh\u00edv\u00f3 Pakod 2025.04.14<\/a><\/div>\n\n\n\n<div class=\"wp-block-file\"><a id=\"wp-block-file--media-8edf5134-b56c-4289-981e-f4a6b4bfbf07\" href=\"https:\/\/pakod.hu\/wp-content\/uploads\/2026\/05\/Meghivo-Pakod-2025.05.27.pdf\">Megh\u00edv\u00f3 Pakod 2025.05.27<\/a><\/div>\n\n\n\n<div class=\"wp-block-file\"><a id=\"wp-block-file--media-cb5cb00d-5369-4c6d-a2f9-e7be12d59ae5\" href=\"https:\/\/pakod.hu\/wp-content\/uploads\/2026\/05\/meghivo-Pakod-2025.06.24.pdf\">megh\u00edv\u00f3 Pakod 2025.06.24<\/a><\/div>\n\n\n\n<div class=\"wp-block-file\"><a id=\"wp-block-file--media-76189d61-0a83-4bb0-a89d-1e8563744ead\" href=\"https:\/\/pakod.hu\/wp-content\/uploads\/2026\/05\/meghivo-Pakod-2025.08.25.pdf\">megh\u00edv\u00f3 Pakod 2025.08.25<\/a><\/div>\n\n\n\n<div class=\"wp-block-file\"><a id=\"wp-block-file--media-5c83a5e8-80da-4932-b390-4dbce6b39312\" href=\"https:\/\/pakod.hu\/wp-content\/uploads\/2026\/05\/meghivo-Pakod-2025.09.22.pdf\">megh\u00edv\u00f3 Pakod 2025.09.22<\/a><\/div>\n\n\n\n<div class=\"wp-block-file\"><a id=\"wp-block-file--media-6dcfc289-160f-4091-b93d-391b8176500e\" href=\"https:\/\/pakod.hu\/wp-content\/uploads\/2026\/05\/meghivo-Pakod-2025.10.28.pdf\">megh\u00edv\u00f3 Pakod 2025.10.28<\/a><\/div>\n\n\n\n<div class=\"wp-block-file\"><a id=\"wp-block-file--media-1b8b5ad2-3c70-482a-98e7-d68332083871\" href=\"https:\/\/pakod.hu\/wp-content\/uploads\/2026\/05\/meghivo-Pakod-2025.11.21.pdf\">megh\u00edv\u00f3 Pakod 2025.11.21<\/a><\/div>\n\n\n\n<div class=\"wp-block-file\"><a id=\"wp-block-file--media-407e7707-50be-4795-8a5b-eef1f7c83c8b\" href=\"https:\/\/pakod.hu\/wp-content\/uploads\/2026\/05\/meghivo-Pakod-2025.12.10.pdf\">megh\u00edv\u00f3 Pakod 2025.12.10<\/a><\/div>\n\n\n\n<div class=\"wp-block-file\"><a id=\"wp-block-file--media-201e3901-5b79-4361-932b-a21a416252b3\" href=\"https:\/\/pakod.hu\/wp-content\/uploads\/2026\/05\/meghivo-Pakod-2025.12.22.pdf\">megh\u00edv\u00f3 Pakod 2025.12.22<\/a><\/div>\n\n\n\n<p>2024.<\/p>\n\n\n\n<div class=\"wp-block-file\"><a id=\"wp-block-file--media-d36b5b6f-90d3-4dce-bf1d-9a0a6ab0f61d\" href=\"https:\/\/pakod.hu\/wp-content\/uploads\/2026\/05\/meghivo-07.03.pdf\">megh\u00edv\u00f3 07.03<\/a><\/div>\n\n\n\n<div class=\"wp-block-file\"><a id=\"wp-block-file--media-2fd24852-7f23-4a6a-8744-f64a167d16ea\" href=\"https:\/\/pakod.hu\/wp-content\/uploads\/2026\/05\/meghivo-2024.07.03.pdf\">megh\u00edv\u00f3 2024.07.03.<\/a><\/div>\n\n\n\n<div class=\"wp-block-file\"><a id=\"wp-block-file--media-02968bd2-08c9-433e-8dfa-8530032d26cf\" href=\"https:\/\/pakod.hu\/wp-content\/uploads\/2026\/05\/meghivo-Pakod-2024.07.22.pdf\">megh\u00edv\u00f3 Pakod 2024.07.22<\/a><\/div>\n\n\n\n<div class=\"wp-block-file\"><a id=\"wp-block-file--media-59b827cb-3f4d-48cf-9268-6370e096e8b4\" href=\"https:\/\/pakod.hu\/wp-content\/uploads\/2026\/05\/meghivo-Pakod-2024.08.12.pdf\">megh\u00edv\u00f3 Pakod 2024.08.12<\/a><\/div>\n\n\n\n<div class=\"wp-block-file\"><a id=\"wp-block-file--media-ad98589d-7f27-4804-ab7b-c8d5798b0534\" href=\"https:\/\/pakod.hu\/wp-content\/uploads\/2026\/05\/meghivo-Pakod-2024.08.26.pdf\">megh\u00edv\u00f3 Pakod 2024.08.26<\/a><\/div>\n\n\n\n<div class=\"wp-block-file\"><a id=\"wp-block-file--media-274d51d4-a605-45ab-9c89-bafa0d42fd48\" href=\"https:\/\/pakod.hu\/wp-content\/uploads\/2026\/05\/meghivo-Pakod-2024.12.09.pdf\">megh\u00edv\u00f3 Pakod 2024.12.09<\/a><\/div>\n\n\n\n<div class=\"wp-block-file\"><a id=\"wp-block-file--media-82f84436-5a59-4ac1-ad3a-ee8782665f97\" href=\"https:\/\/pakod.hu\/wp-content\/uploads\/2026\/05\/meghivo-Pakod-2024.12.13.pdf\">megh\u00edv\u00f3 Pakod 2024.12.13<\/a><\/div>\n\n\n\n<div class=\"wp-block-file\"><a id=\"wp-block-file--media-63796787-81e4-4731-a6b4-25e847723057\" href=\"https:\/\/pakod.hu\/wp-content\/uploads\/2026\/05\/meghivo01.17.pdf\">megh\u00edv\u00f301.17<\/a><\/div>\n\n\n\n<div class=\"wp-block-file\"><a id=\"wp-block-file--media-d3a4499b-b490-4965-91a3-b9692ac11f5a\" href=\"https:\/\/pakod.hu\/wp-content\/uploads\/2026\/05\/meghivo02.12.pdf\">megh\u00edv\u00f302.12<\/a><\/div>\n\n\n\n<div class=\"wp-block-file\"><a id=\"wp-block-file--media-af0a0afb-bf3a-4441-a2c5-c7be1fad52b9\" href=\"https:\/\/pakod.hu\/wp-content\/uploads\/2026\/05\/meghivo03.05.pdf\">megh\u00edv\u00f303.05<\/a><\/div>\n\n\n\n<div class=\"wp-block-file\"><a id=\"wp-block-file--media-d5ddae43-e58d-437f-8f8f-0f9d8c082b9a\" href=\"https:\/\/pakod.hu\/wp-content\/uploads\/2026\/05\/meghivo0416.pdf\">megh\u00edv\u00f30416<\/a><\/div>\n\n\n\n<div class=\"wp-block-file\"><a id=\"wp-block-file--media-ee6f273a-74cc-41c1-841c-689c51dbddaf\" href=\"https:\/\/pakod.hu\/wp-content\/uploads\/2026\/05\/meghivo05.04.pdf\">megh\u00edv\u00f305.04<\/a><\/div>\n\n\n\n<div class=\"wp-block-file\"><a id=\"wp-block-file--media-1ba4c849-be0a-44a5-8243-a9ab5c5a7e61\" href=\"https:\/\/pakod.hu\/wp-content\/uploads\/2026\/05\/meghivo05.14.pdf\">megh\u00edv\u00f305.14<\/a><\/div>\n\n\n\n<div class=\"wp-block-file\"><a id=\"wp-block-file--media-69eb042b-ac0a-4f8a-812e-f2db5422d98f\" href=\"https:\/\/pakod.hu\/wp-content\/uploads\/2026\/05\/meghivo11.12.pdf\">megh\u00edv\u00f311.12<\/a><\/div>\n\n\n\n<div class=\"wp-block-file\"><a id=\"wp-block-file--media-3d764ab7-268c-49c1-aee8-a88c44efe294\" href=\"https:\/\/pakod.hu\/wp-content\/uploads\/2026\/05\/meghivo2024.07.03.pdf\">megh\u00edv\u00f32024.07.03<\/a><\/div>\n\n\n\n<div class=\"wp-block-file\"><a id=\"wp-block-file--media-34e00e30-df6e-4203-9d76-2acebb999a9d\" href=\"https:\/\/pakod.hu\/wp-content\/uploads\/2026\/05\/meghivo2024.11.05.pdf\">megh\u00edv\u00f32024.11.05<\/a><\/div>\n\n\n\n<p>Pakod K\u00f6zs\u00e9g \u00d6nkorm\u00e1nyzata K\u00e9pvisel\u0151-test\u00fcleti \u00fcl\u00e9seinek Jegyz\u0151k\u00f6nyvei az al\u00e1bbi linken \u00e9rhet\u0151k el:<\/p>\n\n\n\n<p>2026.<\/p>\n\n\n\n<div class=\"wp-block-file\"><a id=\"wp-block-file--media-b7bae4f9-db74-46df-9996-c7954d3c5019\" href=\"https:\/\/pakod.hu\/wp-content\/uploads\/2026\/05\/jegyzokonyv-Pakod-2026.01.20-1.pdf\">jegyz\u0151k\u00f6nyv Pakod 2026.01.20<\/a><\/div>\n\n\n\n<div class=\"wp-block-file\"><a id=\"wp-block-file--media-8ea96026-71db-42ea-9b3a-cbd0aebbe5c1\" href=\"https:\/\/pakod.hu\/wp-content\/uploads\/2026\/05\/jegyzokonyv-Pakod-2026.02.05-1.pdf\">jegyz\u0151k\u00f6nyv Pakod 2026.02.05<\/a><\/div>\n\n\n\n<div class=\"wp-block-file\"><a id=\"wp-block-file--media-e95a5fc9-6989-4c89-9018-b9245d7b7e7e\" href=\"https:\/\/pakod.hu\/wp-content\/uploads\/2026\/05\/jegyzokonyv-Pakod-2026.02.18.pdf\">jegyz\u0151k\u00f6nyv Pakod 2026.02.18<\/a><\/div>\n\n\n\n<p>2025.<\/p>\n\n\n\n<div class=\"wp-block-file\"><a id=\"wp-block-file--media-6edfb9db-25c6-4847-8430-3481e82497ee\" href=\"https:\/\/pakod.hu\/wp-content\/uploads\/2026\/05\/jegyzokony-Pakod-2025.04.14.pdf\">jegyz\u0151k\u00f6ny Pakod 2025.04.14<\/a><\/div>\n\n\n\n<div class=\"wp-block-file\"><a id=\"wp-block-file--media-00363849-2a70-498d-af09-5b3068eda308\" href=\"https:\/\/pakod.hu\/wp-content\/uploads\/2026\/05\/jegyzokonyv-Pakod-2025.02.06.pdf\">jegyz\u0151k\u00f6nyv Pakod 2025.02.06<\/a><\/div>\n\n\n\n<div class=\"wp-block-file\"><a id=\"wp-block-file--media-411d7c88-001d-4cac-8808-09983fe5ae7f\" href=\"https:\/\/pakod.hu\/wp-content\/uploads\/2026\/05\/jegyzokonyv-Pakod-2025.02.19.pdf\">jegyz\u0151k\u00f6nyv Pakod 2025.02.19<\/a><\/div>\n\n\n\n<div class=\"wp-block-file\"><a id=\"wp-block-file--media-55bac70e-0933-4e80-af0a-608c78687ae3\" href=\"https:\/\/pakod.hu\/wp-content\/uploads\/2026\/05\/jegyzokonyv-Pakod-2025.03.20.pdf\">jegyz\u0151k\u00f6nyv Pakod 2025.03.20<\/a><\/div>\n\n\n\n<div class=\"wp-block-file\"><a id=\"wp-block-file--media-483e411f-830a-439e-8850-09038e0e12a8\" href=\"https:\/\/pakod.hu\/wp-content\/uploads\/2026\/05\/jegyzokonyv-Pakod-2025.05.27.pdf\">jegyz\u0151k\u00f6nyv Pakod 2025.05.27<\/a><\/div>\n\n\n\n<div class=\"wp-block-file\"><a id=\"wp-block-file--media-7f2ee84b-977a-4e6b-b390-25695854a5aa\" href=\"https:\/\/pakod.hu\/wp-content\/uploads\/2026\/05\/jegyzokonyv-Pakod-2025.06.24.pdf\">jegyz\u0151k\u00f6nyv Pakod 2025.06.24<\/a><\/div>\n\n\n\n<div class=\"wp-block-file\"><a id=\"wp-block-file--media-00f8e617-3b8d-472c-a8e3-13f57c29ecbb\" href=\"https:\/\/pakod.hu\/wp-content\/uploads\/2026\/05\/jegyzokonyv-Pakod-2025.08.25.pdf\">jegyz\u0151k\u00f6nyv Pakod 2025.08.25<\/a><\/div>\n\n\n\n<div class=\"wp-block-file\"><a id=\"wp-block-file--media-b11199b8-be49-4f05-a79b-619b959ea85e\" href=\"https:\/\/pakod.hu\/wp-content\/uploads\/2026\/05\/jegyzokonyv-Pakod-2025.09.22.pdf\">jegyz\u0151k\u00f6nyv Pakod 2025.09.22<\/a><\/div>\n\n\n\n<div class=\"wp-block-file\"><a id=\"wp-block-file--media-a565bf89-3b11-41da-afc4-7db6090f8eb8\" href=\"https:\/\/pakod.hu\/wp-content\/uploads\/2026\/05\/jegyzokonyv-Pakod-2025.10.28.pdf\">jegyz\u0151k\u00f6nyv Pakod 2025.10.28<\/a><\/div>\n\n\n\n<div class=\"wp-block-file\"><a id=\"wp-block-file--media-3d98caec-4260-4250-b303-57c19fe47202\" href=\"https:\/\/pakod.hu\/wp-content\/uploads\/2026\/05\/jegyzokonyv-Pakod-2025.11.21.pdf\">jegyz\u0151k\u00f6nyv Pakod 2025.11.21<\/a><\/div>\n\n\n\n<div class=\"wp-block-file\"><a id=\"wp-block-file--media-ffc7197b-b612-41e7-bce4-296166819249\" href=\"https:\/\/pakod.hu\/wp-content\/uploads\/2026\/05\/jegyzokonyv-Pakod-2025.12.10.pdf\">jegyz\u0151k\u00f6nyv Pakod 2025.12.10<\/a><\/div>\n\n\n\n<p>2024.<\/p>\n\n\n\n<div class=\"wp-block-file\"><a id=\"wp-block-file--media-d04c86c1-e24e-47dd-9d6a-19328cbb4a72\" href=\"https:\/\/pakod.hu\/wp-content\/uploads\/2026\/05\/jegyzokonyv-07.09.pdf\">jegyz\u0151k\u00f6nyv 07.09<\/a><\/div>\n\n\n\n<div class=\"wp-block-file\"><a id=\"wp-block-file--media-4875716f-13e1-4b6f-ade8-00a50f847d35\" href=\"https:\/\/pakod.hu\/wp-content\/uploads\/2026\/05\/jegyzokonyv-Pakod-2024.07.22.pdf\">jegyz\u0151k\u00f6nyv Pakod 2024.07.22<\/a><\/div>\n\n\n\n<div class=\"wp-block-file\"><a id=\"wp-block-file--media-56aacb30-418c-43e5-8a1d-beedbe218001\" href=\"https:\/\/pakod.hu\/wp-content\/uploads\/2026\/05\/jegyzokonyv-Pakod-2024.08.12.pdf\">jegyz\u0151k\u00f6nyv Pakod 2024.08.12<\/a><\/div>\n\n\n\n<div class=\"wp-block-file\"><a id=\"wp-block-file--media-dd11d292-915d-46f0-8aae-dae7b9f8bc46\" href=\"https:\/\/pakod.hu\/wp-content\/uploads\/2026\/05\/jegyzokonyv-Pakod-2024.08.26.pdf\">jegyz\u0151k\u00f6nyv Pakod 2024.08.26<\/a><\/div>\n\n\n\n<div class=\"wp-block-file\"><a id=\"wp-block-file--media-2fb50914-2615-4b4b-8c3d-3e7c3e4e8f08\" href=\"https:\/\/pakod.hu\/wp-content\/uploads\/2026\/05\/jegyzokonyv-Pakod-2024.12.09.pdf\">jegyz\u0151k\u00f6nyv Pakod 2024.12.09<\/a><\/div>\n\n\n\n<div class=\"wp-block-file\"><a id=\"wp-block-file--media-633f7b1f-ad24-4806-882d-452f766d3038\" href=\"https:\/\/pakod.hu\/wp-content\/uploads\/2026\/05\/jegyzokonyv-Pakod-2024.12.13.pdf\">jegyz\u0151k\u00f6nyv Pakod 2024.12.13.<\/a><\/div>\n\n\n\n<div class=\"wp-block-file\"><a id=\"wp-block-file--media-cda550f0-0343-4aa4-9680-d864b3c9a3ef\" href=\"https:\/\/pakod.hu\/wp-content\/uploads\/2026\/05\/jkv.11.12.pdf\">jkv.11.12<\/a><\/div>\n\n\n\n<div class=\"wp-block-file\"><a id=\"wp-block-file--media-1b48adeb-2c0f-43e2-9d90-f01f5b427361\" href=\"https:\/\/pakod.hu\/wp-content\/uploads\/2026\/05\/jkv01.17.pdf\">jkv01.17<\/a><\/div>\n\n\n\n<div class=\"wp-block-file\"><a id=\"wp-block-file--media-8bc5894e-900a-4ef1-8193-57aa8dd8d612\" href=\"https:\/\/pakod.hu\/wp-content\/uploads\/2026\/05\/jkv02.12.pdf\">jkv02.12<\/a><\/div>\n\n\n\n<div class=\"wp-block-file\"><a id=\"wp-block-file--media-1ac79a60-2609-4d5f-9782-bad57e3c4763\" href=\"https:\/\/pakod.hu\/wp-content\/uploads\/2026\/05\/jkv03.05.pdf\">jkv03.05<\/a><\/div>\n\n\n\n<div class=\"wp-block-file\"><a id=\"wp-block-file--media-377d89b4-5021-427a-a346-7ee221c97540\" href=\"https:\/\/pakod.hu\/wp-content\/uploads\/2026\/05\/jkv0416.pdf\">jkv0416<\/a><\/div>\n\n\n\n<div class=\"wp-block-file\"><a id=\"wp-block-file--media-b8f6682d-a7da-4e8e-8bd9-221c18592d70\" href=\"https:\/\/pakod.hu\/wp-content\/uploads\/2026\/05\/jkv06.03.pdf\">jkv06.03<\/a><\/div>\n\n\n\n<div class=\"wp-block-file\"><a id=\"wp-block-file--media-1e084eee-e865-476a-a226-cfa02d883a6b\" href=\"https:\/\/pakod.hu\/wp-content\/uploads\/2026\/05\/jkv10.21.pdf\">jkv10.21<\/a><\/div>\n\n\n\n<div class=\"wp-block-file\"><a id=\"wp-block-file--media-2b7fbb93-6156-47da-8879-0068f8bcce73\" href=\"https:\/\/pakod.hu\/wp-content\/uploads\/2026\/05\/jkv2024.06.19.pdf\">jkv2024.06.19<\/a><\/div>\n","protected":false},"excerpt":{"rendered":"<p>8. A test\u00fcleti szerv d\u00f6nt\u00e9sei el\u0151k\u00e9sz\u00edt\u00e9s\u00e9nek rendje, az \u00e1llampolg\u00e1ri k\u00f6zrem\u0171k\u00f6d\u00e9s (v\u00e9lem\u00e9nyez\u00e9s) m\u00f3dja, elj\u00e1r\u00e1si szab\u00e1lyai, a test\u00fcleti szerv \u00fcl\u00e9seinek helye, ideje, tov\u00e1bb\u00e1 nyilv\u00e1noss\u00e1ga, d\u00f6nt\u00e9sei, \u00fcl\u00e9s\u00e9nek jegyz\u0151k\u00f6nyvei, illetve \u00f6sszefoglal\u00f3i; a test\u00fcleti szerv szavaz\u00e1s\u00e1nak adatai, ha ezt jogszab\u00e1ly nem korl\u00e1tozza Pakod K\u00f6zs\u00e9g \u00d6nkorm\u00e1nyzata K\u00e9pvisel\u0151-test\u00fclet\u00e9nek 8\/2025. (XI. 22.) \u00f6nkorm\u00e1nyzati rendelete Pakod K\u00f6zs\u00e9g \u00d6nkorm\u00e1nyzat\u00e1nak Szervezeti \u00e9s M\u0171k\u00f6d\u00e9si Szab\u00e1lyzat\u00e1r\u00f3l az al\u00e1bbi [&hellip;]<\/p>\n","protected":false},"author":1,"featured_media":0,"parent":0,"menu_order":0,"comment_status":"closed","ping_status":"closed","template":"","meta":{"footnotes":""},"class_list":["post-682","page","type-page","status-publish","hentry"],"_links":{"self":[{"href":"https:\/\/pakod.hu\/index.php\/wp-json\/wp\/v2\/pages\/682","targetHints":{"allow":["GET"]}}],"collection":[{"href":"https:\/\/pakod.hu\/index.php\/wp-json\/wp\/v2\/pages"}],"about":[{"href":"https:\/\/pakod.hu\/index.php\/wp-json\/wp\/v2\/types\/page"}],"author":[{"embeddable":true,"href":"https:\/\/pakod.hu\/index.php\/wp-json\/wp\/v2\/users\/1"}],"replies":[{"embeddable":true,"href":"https:\/\/pakod.hu\/index.php\/wp-json\/wp\/v2\/comments?post=682"}],"version-history":[{"count":3,"href":"https:\/\/pakod.hu\/index.php\/wp-json\/wp\/v2\/pages\/682\/revisions"}],"predecessor-version":[{"id":747,"href":"https:\/\/pakod.hu\/index.php\/wp-json\/wp\/v2\/pages\/682\/revisions\/747"}],"wp:attachment":[{"href":"https:\/\/pakod.hu\/index.php\/wp-json\/wp\/v2\/media?parent=682"}],"curies":[{"name":"wp","href":"https:\/\/api.w.org\/{rel}","templated":true}]}}