{"id":72,"date":"2024-03-21T14:15:37","date_gmt":"2024-03-21T14:15:37","guid":{"rendered":"https:\/\/pakod.hu\/?page_id=72"},"modified":"2024-04-11T11:45:13","modified_gmt":"2024-04-11T11:45:13","slug":"vedono","status":"publish","type":"page","link":"https:\/\/pakod.hu\/index.php\/vedono\/","title":{"rendered":"V\u00c9D\u0150N\u0150"},"content":{"rendered":"<p><strong><u>V\u00e9d\u0151n\u0151<br \/>\n<\/u><\/strong><strong>Pakod, Cs\u00e1ny L\u00e1szl\u00f3 utca 1.<br \/>\n<\/strong><u>Hal\u00e1sz Adrienn<br \/>\n<\/u><u>0630\/205-5695<\/u><\/p>\n","protected":false},"excerpt":{"rendered":"<p>V\u00e9d\u0151n\u0151 Pakod, Cs\u00e1ny L\u00e1szl\u00f3 utca 1. Hal\u00e1sz Adrienn 0630\/205-5695<\/p>\n","protected":false},"author":1,"featured_media":0,"parent":0,"menu_order":0,"comment_status":"closed","ping_status":"closed","template":"","meta":{"footnotes":""},"class_list":["post-72","page","type-page","status-publish","hentry"],"_links":{"self":[{"href":"https:\/\/pakod.hu\/index.php\/wp-json\/wp\/v2\/pages\/72","targetHints":{"allow":["GET"]}}],"collection":[{"href":"https:\/\/pakod.hu\/index.php\/wp-json\/wp\/v2\/pages"}],"about":[{"href":"https:\/\/pakod.hu\/index.php\/wp-json\/wp\/v2\/types\/page"}],"author":[{"embeddable":true,"href":"https:\/\/pakod.hu\/index.php\/wp-json\/wp\/v2\/users\/1"}],"replies":[{"embeddable":true,"href":"https:\/\/pakod.hu\/index.php\/wp-json\/wp\/v2\/comments?post=72"}],"version-history":[{"count":2,"href":"https:\/\/pakod.hu\/index.php\/wp-json\/wp\/v2\/pages\/72\/revisions"}],"predecessor-version":[{"id":181,"href":"https:\/\/pakod.hu\/index.php\/wp-json\/wp\/v2\/pages\/72\/revisions\/181"}],"wp:attachment":[{"href":"https:\/\/pakod.hu\/index.php\/wp-json\/wp\/v2\/media?parent=72"}],"curies":[{"name":"wp","href":"https:\/\/api.w.org\/{rel}","templated":true}]}}