{"id":73,"date":"2024-03-21T14:15:37","date_gmt":"2024-03-21T14:15:37","guid":{"rendered":"https:\/\/pakod.hu\/?page_id=73"},"modified":"2024-04-26T10:53:48","modified_gmt":"2024-04-26T10:53:48","slug":"posta","status":"publish","type":"page","link":"https:\/\/pakod.hu\/index.php\/posta\/","title":{"rendered":"POSTA"},"content":{"rendered":"<p><strong><u>Posta<\/u><\/strong><\/p>\n<p><strong>8799 Pakod, F\u0151 \u00fat 2<\/strong><\/p>\n<p><strong>Nyitvatart\u00e1s:<\/strong><\/p>\n<p>H\u00e9tf\u0151: 11:00-15:00<\/p>\n<p>Kedd: 11:00-15:00<\/p>\n<p>Szerda: 11:00-15:00<\/p>\n<p>Cs\u00fct\u00f6rt\u00f6k: 11:00-15:00<\/p>\n<p>P\u00e9ntek: 11:00-15:00<\/p>\n","protected":false},"excerpt":{"rendered":"<p>Posta 8799 Pakod, F\u0151 \u00fat 2 Nyitvatart\u00e1s: H\u00e9tf\u0151: 11:00-15:00 Kedd: 11:00-15:00 Szerda: 11:00-15:00 Cs\u00fct\u00f6rt\u00f6k: 11:00-15:00 P\u00e9ntek: 11:00-15:00<\/p>\n","protected":false},"author":1,"featured_media":0,"parent":0,"menu_order":0,"comment_status":"closed","ping_status":"closed","template":"","meta":{"footnotes":""},"class_list":["post-73","page","type-page","status-publish","hentry"],"_links":{"self":[{"href":"https:\/\/pakod.hu\/index.php\/wp-json\/wp\/v2\/pages\/73","targetHints":{"allow":["GET"]}}],"collection":[{"href":"https:\/\/pakod.hu\/index.php\/wp-json\/wp\/v2\/pages"}],"about":[{"href":"https:\/\/pakod.hu\/index.php\/wp-json\/wp\/v2\/types\/page"}],"author":[{"embeddable":true,"href":"https:\/\/pakod.hu\/index.php\/wp-json\/wp\/v2\/users\/1"}],"replies":[{"embeddable":true,"href":"https:\/\/pakod.hu\/index.php\/wp-json\/wp\/v2\/comments?post=73"}],"version-history":[{"count":2,"href":"https:\/\/pakod.hu\/index.php\/wp-json\/wp\/v2\/pages\/73\/revisions"}],"predecessor-version":[{"id":283,"href":"https:\/\/pakod.hu\/index.php\/wp-json\/wp\/v2\/pages\/73\/revisions\/283"}],"wp:attachment":[{"href":"https:\/\/pakod.hu\/index.php\/wp-json\/wp\/v2\/media?parent=73"}],"curies":[{"name":"wp","href":"https:\/\/api.w.org\/{rel}","templated":true}]}}