{"id":748,"date":"2026-05-10T08:28:27","date_gmt":"2026-05-10T08:28:27","guid":{"rendered":"https:\/\/pakod.hu\/?page_id=748"},"modified":"2026-05-10T08:36:24","modified_gmt":"2026-05-10T08:36:24","slug":"eloterjesztesek","status":"publish","type":"page","link":"https:\/\/pakod.hu\/index.php\/eloterjesztesek\/","title":{"rendered":"EL\u0150TERJESZT\u00c9SEK"},"content":{"rendered":"\n<p>2026.<\/p>\n\n\n\n<div class=\"wp-block-file\"><a id=\"wp-block-file--media-8adcfd12-c271-4902-85c8-e0f374491b9e\" href=\"https:\/\/pakod.hu\/wp-content\/uploads\/2026\/05\/14.-Eloterjesztes-Igazgatasi-szunet.pdf\">14. El\u0151terjeszt\u00e9s-Igazgat\u00e1si sz\u00fcnet<\/a><\/div>\n\n\n\n<div class=\"wp-block-file\"><a id=\"wp-block-file--media-f75fcf66-9755-4967-8083-ce5c8fba9fdc\" href=\"https:\/\/pakod.hu\/wp-content\/uploads\/2026\/05\/15.-Eloterjesztes-Kozos-Hivatalrol-szolo-megallapodas-modositasa.pdf\">15. El\u0151terjeszt\u00e9s-K\u00f6z\u00f6s Hivatalr\u00f3l sz\u00f3l\u00f3 meg\u00e1llapod\u00e1s m\u00f3dos\u00edt\u00e1sa<\/a><\/div>\n\n\n\n<div class=\"wp-block-file\"><a id=\"wp-block-file--media-40e04d04-a164-42bb-af30-258e9203f86e\" href=\"https:\/\/pakod.hu\/wp-content\/uploads\/2026\/05\/2.-Eloterjesztes-szocialis-celu-tuzifa-rendelet-megalkotasa.pdf\">2. El\u0151terjeszt\u00e9s szoci\u00e1lis c\u00e9l\u00fa t\u0171zifa rendelet megalkot\u00e1sa<\/a><\/div>\n\n\n\n<div class=\"wp-block-file\"><a id=\"wp-block-file--media-9e81dc58-bd50-4458-bc1f-0b7b52e7d203\" href=\"https:\/\/pakod.hu\/wp-content\/uploads\/2026\/05\/3.-Eloterjesztes-szocialis-rendelet-megalkotasa.pdf\">3. El\u0151terjeszt\u00e9s szoci\u00e1lis rendelet megalkot\u00e1sa.<\/a><\/div>\n\n\n\n<div class=\"wp-block-file\"><a id=\"wp-block-file--media-c2425ff1-1868-47e6-807e-86f413176563\" href=\"https:\/\/pakod.hu\/wp-content\/uploads\/2026\/05\/3.-napirend-Eloterjesztes-HEP-felulvizsgalatarol.pdf\">3. napirend El\u0151terjeszt\u00e9s HEP fel\u00fclvizsg\u00e1lat\u00e1r\u00f3l<\/a><\/div>\n\n\n\n<div class=\"wp-block-file\"><a id=\"wp-block-file--media-8d4315dc-1fae-41dd-9ee9-8467f72a62fd\" href=\"https:\/\/pakod.hu\/wp-content\/uploads\/2026\/05\/6.-Eloterjesztes-igazgatasi-szunet.pdf\">6. El\u0151terjeszt\u00e9s igazgat\u00e1si sz\u00fcnet<\/a><\/div>\n\n\n\n<div class=\"wp-block-file\"><a id=\"wp-block-file--media-deeb4df9-bfda-43b7-9726-41c291b1d197\" href=\"https:\/\/pakod.hu\/wp-content\/uploads\/2026\/05\/elot-alpolg-tiszteletdij.pdf\">el\u0151t alpolg tiszteletd\u00edj<\/a><\/div>\n\n\n\n<div class=\"wp-block-file\"><a id=\"wp-block-file--media-a483e2f6-7350-42b5-94e6-3daccddbadab\" href=\"https:\/\/pakod.hu\/wp-content\/uploads\/2026\/05\/elot-alpolg-val.pdf\">el\u0151t alpolg v\u00e1l<\/a><\/div>\n\n\n\n<div class=\"wp-block-file\"><a id=\"wp-block-file--media-a264f63b-8914-48f6-8cdb-a14ec9e37b33\" href=\"https:\/\/pakod.hu\/wp-content\/uploads\/2026\/05\/elot-gazd-program.pdf\">el\u0151t gazd program<\/a><\/div>\n\n\n\n<div class=\"wp-block-file\"><a id=\"wp-block-file--media-75c149e7-d6e0-48e8-b240-797478028b10\" href=\"https:\/\/pakod.hu\/wp-content\/uploads\/2026\/05\/elot-haszonber.pdf\">el\u0151t haszonb\u00e9r<\/a><\/div>\n\n\n\n<div class=\"wp-block-file\"><a id=\"wp-block-file--media-d7097e0a-7459-49d4-a29b-3034f739679c\" href=\"https:\/\/pakod.hu\/wp-content\/uploads\/2026\/05\/elot-hvb-tag.pdf\">el\u0151t hvb tag<\/a><\/div>\n\n\n\n<div class=\"wp-block-file\"><a id=\"wp-block-file--media-144f9b65-5099-4b0b-8b8a-9b7ed9435f63\" href=\"https:\/\/pakod.hu\/wp-content\/uploads\/2026\/05\/elot-polg-illetmeny.pdf\">el\u0151t polg illetm\u00e9ny<\/a><\/div>\n\n\n\n<div class=\"wp-block-file\"><a id=\"wp-block-file--media-3a530648-a978-43a2-9d11-27e033c05ac2\" href=\"https:\/\/pakod.hu\/wp-content\/uploads\/2026\/05\/elot-szab-megv.pdf\">el\u0151t szab megv<\/a><\/div>\n\n\n\n<div class=\"wp-block-file\"><a id=\"wp-block-file--media-47258f48-c8b3-4e28-8eeb-6ccded245596\" href=\"https:\/\/pakod.hu\/wp-content\/uploads\/2026\/05\/elot-szabadsag.pdf\">el\u0151t szabads\u00e1g<\/a><\/div>\n\n\n\n<div class=\"wp-block-file\"><a id=\"wp-block-file--media-1a8dfcd7-caf7-48b3-9ab1-b90ec5521c6b\" href=\"https:\/\/pakod.hu\/wp-content\/uploads\/2026\/05\/elot-szmsz.pdf\">el\u0151t szmsz<\/a><\/div>\n\n\n\n<div class=\"wp-block-file\"><a id=\"wp-block-file--media-5adb3e06-3711-499f-bcb9-3df2d63534db\" href=\"https:\/\/pakod.hu\/wp-content\/uploads\/2026\/05\/elot-tiszteletdij-rend.pdf\">el\u0151t tiszteletd\u00edj rend<\/a><\/div>\n\n\n\n<div class=\"wp-block-file\"><a id=\"wp-block-file--media-3c57bc17-4f54-4da8-811a-18acc1ec7d7a\" href=\"https:\/\/pakod.hu\/wp-content\/uploads\/2026\/05\/elot-ugyrendi.pdf\">el\u0151t \u00fcgyrendi<\/a><\/div>\n\n\n\n<div class=\"wp-block-file\"><a id=\"wp-block-file--media-71a5df4d-16ea-420a-80dd-c485ed32d2ae\" href=\"https:\/\/pakod.hu\/wp-content\/uploads\/2026\/05\/elot-vegkielegites.pdf\">el\u0151t v\u00e9gkiel\u00e9g\u00edt\u00e9s<\/a><\/div>\n\n\n\n<div class=\"wp-block-file\"><a id=\"wp-block-file--media-a13aae32-7b4e-4611-bcaa-8e13e7c084a9\" href=\"https:\/\/pakod.hu\/wp-content\/uploads\/2026\/05\/Eloterjesztes-Lakossagi-viz-es-csatorna-palyazat.pdf\">El\u0151terjeszt\u00e9s Lakoss\u00e1gi v\u00edz- \u00e9s csatorna p\u00e1ly\u00e1zat<\/a><\/div>\n\n\n\n<p>2025.<\/p>\n\n\n\n<div class=\"wp-block-file\"><a id=\"wp-block-file--media-c2cebe63-8c09-4359-a924-4d16e300542c\" href=\"https:\/\/pakod.hu\/wp-content\/uploads\/2026\/05\/1.-Eloterjesztes-Vagyonrendelet.pdf\">1. El\u0151terjeszt\u00e9s &#8211; Vagyonrendelet<\/a><\/div>\n\n\n\n<div class=\"wp-block-file\"><a id=\"wp-block-file--media-d5bf70ad-1206-4338-be21-7ee944df70a4\" href=\"https:\/\/pakod.hu\/wp-content\/uploads\/2026\/05\/1.-Eloterjesztes-2025.-evi-ktsgv-modositasa.pdf\">1. El\u0151terjeszt\u00e9s 2025. \u00e9vi ktsgv m\u00f3dos\u00edt\u00e1sa<\/a><\/div>\n\n\n\n<div class=\"wp-block-file\"><a id=\"wp-block-file--media-7e924eb9-28dc-4bfe-9fc4-840732b0e7e2\" href=\"https:\/\/pakod.hu\/wp-content\/uploads\/2026\/05\/1.-eloterjesztes-fogaszati-ellatas-biztositasa.pdf\">1. el\u0151terjeszt\u00e9s fog\u00e1szati ell\u00e1t\u00e1s biztos\u00edt\u00e1sa<\/a><\/div>\n\n\n\n<div class=\"wp-block-file\"><a id=\"wp-block-file--media-4e470a9d-a2bc-49a0-ab1f-537489729ae0\" href=\"https:\/\/pakod.hu\/wp-content\/uploads\/2026\/05\/1.-Eloterjesztes-ktsgv.-mod.pdf\">1. El\u0151terjeszt\u00e9s ktsgv. m\u00f3d<\/a><\/div>\n\n\n\n<div class=\"wp-block-file\"><a id=\"wp-block-file--media-adb5cc3f-e48a-4f20-abc8-122bc30a9677\" href=\"https:\/\/pakod.hu\/wp-content\/uploads\/2026\/05\/1.-Eloterjesztes-lakasrendelet-modositasa.pdf\">1. El\u0151terjeszt\u00e9s lak\u00e1srendelet m\u00f3dos\u00edt\u00e1sa<\/a><\/div>\n\n\n\n<div class=\"wp-block-file\"><a id=\"wp-block-file--media-90c53727-720c-4788-8911-53dd7d9af18d\" href=\"https:\/\/pakod.hu\/wp-content\/uploads\/2026\/05\/1.-Eloterjesztes-SZMSZ-megalkotasa.pdf\">1. El\u0151terjeszt\u00e9s SZMSZ megalkot\u00e1sa<\/a><\/div>\n\n\n\n<div class=\"wp-block-file\"><a id=\"wp-block-file--media-33c054e6-e990-4a2d-8152-f0a2150025e5\" href=\"https:\/\/pakod.hu\/wp-content\/uploads\/2026\/05\/1.-Eloterjesztes-szocialis-celu-tuzifa-rendelet-megalkotasa.pdf\">1. El\u0151terjeszt\u00e9s szoci\u00e1lis c\u00e9l\u00fa t\u0171zifa rendelet megalkot\u00e1sa<\/a><\/div>\n\n\n\n<div class=\"wp-block-file\"><a id=\"wp-block-file--media-5319a16b-3ecf-4dee-b108-e8bd8e646e96\" href=\"https:\/\/pakod.hu\/wp-content\/uploads\/2026\/05\/1.-Eloterjesztes-tuzifa-rend.-mod.pdf\">1. El\u0151terjeszt\u00e9s t\u0171zifa rend. m\u00f3d<\/a><\/div>\n\n\n\n<div class=\"wp-block-file\"><a id=\"wp-block-file--media-37c723b0-24b6-4ba4-83aa-d8be0e90a6dc\" href=\"https:\/\/pakod.hu\/wp-content\/uploads\/2026\/05\/10.-Eloterjesztes-Zalaviz.pdf\">10. El\u0151terjeszt\u00e9s Zalav\u00edz<\/a><\/div>\n\n\n\n<div class=\"wp-block-file\"><a id=\"wp-block-file--media-b324401c-2ddf-43d9-b361-78022312002f\" href=\"https:\/\/pakod.hu\/wp-content\/uploads\/2026\/05\/12.-Eloterjesztes-Ovoda-nyari-szunet.pdf\">12. El\u0151terjeszt\u00e9s-\u00d3voda ny\u00e1ri sz\u00fcnet<\/a><\/div>\n\n\n\n<div class=\"wp-block-file\"><a id=\"wp-block-file--media-21c94fda-a7fe-49b2-9c22-06e1e40a8075\" href=\"https:\/\/pakod.hu\/wp-content\/uploads\/2026\/05\/2.-Eloterjesztes-a-Pakod-995-1-995-2-996-997-998-hrsz-u-ingatlanok-ertekesitese.pdf\">2. El\u0151terjeszt\u00e9s a Pakod 995 1, 995 2, 996, 997, 998 hrsz-\u00fa ingatlanok \u00e9rt\u00e9kes\u00edt\u00e9se<\/a><\/div>\n\n\n\n<div class=\"wp-block-file\"><a id=\"wp-block-file--media-432fa03b-5252-46ff-90be-ce9e8eb297d4\" href=\"https:\/\/pakod.hu\/wp-content\/uploads\/2026\/05\/2.-Eloterjesztes-fogorvosi-ellatas-biztositasa.pdf\">2. El\u0151terjeszt\u00e9s fogorvosi ell\u00e1t\u00e1s biztos\u00edt\u00e1sa<\/a><\/div>\n\n\n\n<div class=\"wp-block-file\"><a id=\"wp-block-file--media-6e5db517-ced6-4fa7-8d5a-89cec039265d\" href=\"https:\/\/pakod.hu\/wp-content\/uploads\/2026\/05\/2.-Eloterjesztes-Foallasu-polgarmester-szabadsagterve.pdf\">2. El\u0151terjeszt\u00e9s F\u0151\u00e1ll\u00e1s\u00fa polg\u00e1rmester szabads\u00e1gterve<\/a><\/div>\n\n\n\n<div class=\"wp-block-file\"><a id=\"wp-block-file--media-ddf5fdce-c8db-45cd-bc6d-c79eb361636d\" href=\"https:\/\/pakod.hu\/wp-content\/uploads\/2026\/05\/2.-Eloterjesztes-Gazdasagi-Program.pdf\">2. El\u0151terjeszt\u00e9s Gazdas\u00e1gi Program<\/a><\/div>\n\n\n\n<div class=\"wp-block-file\"><a id=\"wp-block-file--media-713477e0-0660-4baa-8944-6a9aaa8a44ca\" href=\"https:\/\/pakod.hu\/wp-content\/uploads\/2026\/05\/2.-Eloterjesztes-szocialis-rendelet-modositasa.pdf\">2. El\u0151terjeszt\u00e9s szoci\u00e1lis rendelet m\u00f3dos\u00edt\u00e1sa<\/a><\/div>\n\n\n\n<div class=\"wp-block-file\"><a id=\"wp-block-file--media-90cc52c5-71b6-4de6-badd-71a22c0de489\" href=\"https:\/\/pakod.hu\/wp-content\/uploads\/2026\/05\/2.-Eloterjesztes-zarszamadas.pdf\">2. El\u0151terjeszt\u00e9s z\u00e1rsz\u00e1mad\u00e1s<\/a><\/div>\n\n\n\n<div class=\"wp-block-file\"><a id=\"wp-block-file--media-0c8ecf24-55f1-4e9b-8baf-b962f330514a\" href=\"https:\/\/pakod.hu\/wp-content\/uploads\/2026\/05\/2.-Eloterjesztes-Polgarmester-tiszteletdijanak-modositasa.pdf\">2. El\u0151terjeszt\u00e9s-Polg\u00e1rmester tiszteletd\u00edj\u00e1nak m\u00f3dos\u00edt\u00e1sa<\/a><\/div>\n\n\n\n<div class=\"wp-block-file\"><a id=\"wp-block-file--media-b86a704d-2156-4fb3-9bd0-e94ede2717ed\" href=\"https:\/\/pakod.hu\/wp-content\/uploads\/2026\/05\/3.-Eloterjesztes-cofog-felvetele.pdf\">3. El\u0151terjeszt\u00e9s cofog felv\u00e9tele<\/a><\/div>\n\n\n\n<div class=\"wp-block-file\"><a id=\"wp-block-file--media-822f89d9-8f63-4b8f-b6cc-34d16c1cfe21\" href=\"https:\/\/pakod.hu\/wp-content\/uploads\/2026\/05\/3.-Eloterjesztes-Szocialis-celu-tuzifa-palyazat.pdf\">3. El\u0151terjeszt\u00e9s Szoci\u00e1lis c\u00e9l\u0171 t\u0171zifa p\u00e1ly\u00e1zat<\/a><\/div>\n\n\n\n<div class=\"wp-block-file\"><a id=\"wp-block-file--media-98abdc49-ea97-43fb-844f-8b5d2f46a478\" href=\"https:\/\/pakod.hu\/wp-content\/uploads\/2026\/05\/4.-Eloterjesztes-ovi-SZMSZ-es-Ped.Prog_.-mod.pdf\">4. El\u0151terjeszt\u00e9s ovi SZMSZ \u00e9s Ped.Prog. m\u00f3d<\/a><\/div>\n\n\n\n<div class=\"wp-block-file\"><a id=\"wp-block-file--media-b42e3f1f-6dfc-47b4-b585-99426068039d\" href=\"https:\/\/pakod.hu\/wp-content\/uploads\/2026\/05\/5.-Eloterjesztes-cofog-felvetele.pdf\">5. El\u0151terjeszt\u00e9s cofog felv\u00e9tele<\/a><\/div>\n\n\n\n<div class=\"wp-block-file\"><a id=\"wp-block-file--media-16f3711e-f88f-4227-a113-43c925a9297a\" href=\"https:\/\/pakod.hu\/wp-content\/uploads\/2026\/05\/6.-Eloterjesztes-konyha-berletere.pdf\">6. El\u0151terjeszt\u00e9s konyha b\u00e9rlet\u00e9re<\/a><\/div>\n\n\n\n<div class=\"wp-block-file\"><a id=\"wp-block-file--media-8cf463de-4606-4a90-87c8-d2707e6864f4\" href=\"https:\/\/pakod.hu\/wp-content\/uploads\/2026\/05\/6.-Eloterjesztes-onkormanyzati-lakasok-berletere.pdf\">6. El\u0151terjeszt\u00e9s \u00f6nkorm\u00e1nyzati lak\u00e1sok b\u00e9rlet\u00e9re<\/a><\/div>\n\n\n\n<div class=\"wp-block-file\"><a id=\"wp-block-file--media-240e04b7-f34a-4a0a-9e4e-bb46fd291f71\" href=\"https:\/\/pakod.hu\/wp-content\/uploads\/2026\/05\/7.-Eloterjesztes-onkormanyzati-lakasok-berletere.pdf\">7. El\u0151terjeszt\u00e9s \u00f6nkorm\u00e1nyzati lak\u00e1sok b\u00e9rlet\u00e9re<\/a><\/div>\n\n\n\n<p>2024.<\/p>\n\n\n\n<div class=\"wp-block-file\"><a id=\"wp-block-file--media-c4be4c10-c212-432c-9218-0af983c97cf9\" href=\"https:\/\/pakod.hu\/wp-content\/uploads\/2026\/05\/14.-Eloterjesztes-Igazgatasi-szunet-1.pdf\">14. El\u0151terjeszt\u00e9s-Igazgat\u00e1si sz\u00fcnet<\/a><\/div>\n\n\n\n<div class=\"wp-block-file\"><a id=\"wp-block-file--media-26c6434b-3788-4256-aed3-19a4773a77f3\" href=\"https:\/\/pakod.hu\/wp-content\/uploads\/2026\/05\/15.-Eloterjesztes-Kozos-Hivatalrol-szolo-megallapodas-modositasa-1.pdf\">15. El\u0151terjeszt\u00e9s-K\u00f6z\u00f6s Hivatalr\u00f3l sz\u00f3l\u00f3 meg\u00e1llapod\u00e1s m\u00f3dos\u00edt\u00e1sa<\/a><\/div>\n\n\n\n<div class=\"wp-block-file\"><a id=\"wp-block-file--media-3786391d-1ac3-4545-90fe-917c065ce832\" href=\"https:\/\/pakod.hu\/wp-content\/uploads\/2026\/05\/2.-Eloterjesztes-szocialis-celu-tuzifa-rendelet-megalkotasa-1.pdf\">2. El\u0151terjeszt\u00e9s szoci\u00e1lis c\u00e9l\u00fa t\u0171zifa rendelet megalkot\u00e1sa<\/a><\/div>\n\n\n\n<div class=\"wp-block-file\"><a id=\"wp-block-file--media-ef67a039-d6c6-4f25-8140-4b51728938cf\" href=\"https:\/\/pakod.hu\/wp-content\/uploads\/2026\/05\/3.-Eloterjesztes-szocialis-rendelet-megalkotasa-1.pdf\">3. El\u0151terjeszt\u00e9s szoci\u00e1lis rendelet megalkot\u00e1sa.<\/a><\/div>\n\n\n\n<div class=\"wp-block-file\"><a id=\"wp-block-file--media-8a5a2053-45b9-4541-bf3e-2d2fd43bb530\" href=\"https:\/\/pakod.hu\/wp-content\/uploads\/2026\/05\/3.-napirend-Eloterjesztes-HEP-felulvizsgalatarol-1.pdf\">3. napirend El\u0151terjeszt\u00e9s HEP fel\u00fclvizsg\u00e1lat\u00e1r\u00f3l<\/a><\/div>\n\n\n\n<div class=\"wp-block-file\"><a id=\"wp-block-file--media-dc918a35-1dd6-4073-9d7c-1cde77803a5e\" href=\"https:\/\/pakod.hu\/wp-content\/uploads\/2026\/05\/6.-Eloterjesztes-igazgatasi-szunet-1.pdf\">6. El\u0151terjeszt\u00e9s igazgat\u00e1si sz\u00fcnet<\/a><\/div>\n\n\n\n<div class=\"wp-block-file\"><a id=\"wp-block-file--media-b1256598-eefb-43fe-9ae9-d6015cba3df7\" href=\"https:\/\/pakod.hu\/wp-content\/uploads\/2026\/05\/elot-alpolg-tiszteletdij-1.pdf\">el\u0151t alpolg tiszteletd\u00edj<\/a><\/div>\n\n\n\n<div class=\"wp-block-file\"><a id=\"wp-block-file--media-5e97c4dd-07fe-4668-a93b-51c9bec519b6\" href=\"https:\/\/pakod.hu\/wp-content\/uploads\/2026\/05\/elot-alpolg-val-1.pdf\">el\u0151t alpolg v\u00e1l<\/a><\/div>\n\n\n\n<div class=\"wp-block-file\"><a id=\"wp-block-file--media-3078f3b6-e141-4887-8bf3-7fb9a06d33f3\" href=\"https:\/\/pakod.hu\/wp-content\/uploads\/2026\/05\/elot-gazd-program-1.pdf\">el\u0151t gazd program<\/a><\/div>\n\n\n\n<div class=\"wp-block-file\"><a id=\"wp-block-file--media-716cb65c-44be-460c-988a-641248af0547\" href=\"https:\/\/pakod.hu\/wp-content\/uploads\/2026\/05\/elot-haszonber-1.pdf\">el\u0151t haszonb\u00e9r<\/a><\/div>\n\n\n\n<div class=\"wp-block-file\"><a id=\"wp-block-file--media-3fa8943a-cb2a-434b-88e7-9e8500b6fa47\" href=\"https:\/\/pakod.hu\/wp-content\/uploads\/2026\/05\/elot-hvb-tag-1.pdf\">el\u0151t hvb tag<\/a><\/div>\n\n\n\n<div class=\"wp-block-file\"><a id=\"wp-block-file--media-f1913c0c-43d7-4164-8e9c-c3a92cb813c2\" href=\"https:\/\/pakod.hu\/wp-content\/uploads\/2026\/05\/elot-polg-illetmeny-1.pdf\">el\u0151t polg illetm\u00e9ny<\/a><\/div>\n\n\n\n<div class=\"wp-block-file\"><a id=\"wp-block-file--media-e7f525aa-7f0b-4ac0-be62-cdfc0e663405\" href=\"https:\/\/pakod.hu\/wp-content\/uploads\/2026\/05\/elot-szab-megv-1.pdf\">el\u0151t szab megv<\/a><\/div>\n\n\n\n<div class=\"wp-block-file\"><a id=\"wp-block-file--media-2b4f4dd5-1da1-409e-8b58-482264f0f5d6\" href=\"https:\/\/pakod.hu\/wp-content\/uploads\/2026\/05\/elot-szabadsag-1.pdf\">el\u0151t szabads\u00e1g<\/a><\/div>\n\n\n\n<div class=\"wp-block-file\"><a id=\"wp-block-file--media-4d634187-29f1-463f-972f-9faa636cc343\" href=\"https:\/\/pakod.hu\/wp-content\/uploads\/2026\/05\/elot-szmsz-1.pdf\">el\u0151t szmsz<\/a><\/div>\n\n\n\n<div class=\"wp-block-file\"><a id=\"wp-block-file--media-0fe8662b-6f38-4beb-a772-b6bdac330b5b\" href=\"https:\/\/pakod.hu\/wp-content\/uploads\/2026\/05\/elot-tiszteletdij-rend-1.pdf\">el\u0151t tiszteletd\u00edj rend<\/a><\/div>\n\n\n\n<div class=\"wp-block-file\"><a id=\"wp-block-file--media-301b6c81-02c4-4f20-b7e6-cef61550c7a4\" href=\"https:\/\/pakod.hu\/wp-content\/uploads\/2026\/05\/elot-ugyrendi-1.pdf\">el\u0151t \u00fcgyrendi<\/a><\/div>\n\n\n\n<div class=\"wp-block-file\"><a id=\"wp-block-file--media-39390e39-072d-4718-8ab0-2fe3c9d14a56\" href=\"https:\/\/pakod.hu\/wp-content\/uploads\/2026\/05\/elot-vegkielegites-1.pdf\">el\u0151t v\u00e9gkiel\u00e9g\u00edt\u00e9s<\/a><\/div>\n\n\n\n<div class=\"wp-block-file\"><a id=\"wp-block-file--media-8f53e6fb-ddf4-444d-b633-7d45944a09e9\" href=\"https:\/\/pakod.hu\/wp-content\/uploads\/2026\/05\/Eloterjesztes-Lakossagi-viz-es-csatorna-palyazat-1.pdf\">El\u0151terjeszt\u00e9s Lakoss\u00e1gi v\u00edz- \u00e9s csatorna p\u00e1ly\u00e1zat<\/a><\/div>\n","protected":false},"excerpt":{"rendered":"<p>2026. 2025. 2024.<\/p>\n","protected":false},"author":1,"featured_media":0,"parent":0,"menu_order":0,"comment_status":"closed","ping_status":"closed","template":"","meta":{"footnotes":""},"class_list":["post-748","page","type-page","status-publish","hentry"],"_links":{"self":[{"href":"https:\/\/pakod.hu\/index.php\/wp-json\/wp\/v2\/pages\/748","targetHints":{"allow":["GET"]}}],"collection":[{"href":"https:\/\/pakod.hu\/index.php\/wp-json\/wp\/v2\/pages"}],"about":[{"href":"https:\/\/pakod.hu\/index.php\/wp-json\/wp\/v2\/types\/page"}],"author":[{"embeddable":true,"href":"https:\/\/pakod.hu\/index.php\/wp-json\/wp\/v2\/users\/1"}],"replies":[{"embeddable":true,"href":"https:\/\/pakod.hu\/index.php\/wp-json\/wp\/v2\/comments?post=748"}],"version-history":[{"count":3,"href":"https:\/\/pakod.hu\/index.php\/wp-json\/wp\/v2\/pages\/748\/revisions"}],"predecessor-version":[{"id":817,"href":"https:\/\/pakod.hu\/index.php\/wp-json\/wp\/v2\/pages\/748\/revisions\/817"}],"wp:attachment":[{"href":"https:\/\/pakod.hu\/index.php\/wp-json\/wp\/v2\/media?parent=748"}],"curies":[{"name":"wp","href":"https:\/\/api.w.org\/{rel}","templated":true}]}}