{"id":75,"date":"2024-03-21T14:15:37","date_gmt":"2024-03-21T14:15:37","guid":{"rendered":"https:\/\/pakod.hu\/?page_id=75"},"modified":"2025-09-09T13:38:19","modified_gmt":"2025-09-09T13:38:19","slug":"civil-szervezetek","status":"publish","type":"page","link":"https:\/\/pakod.hu\/index.php\/civil-szervezetek\/","title":{"rendered":"CIVIL SZERVEZETEK"},"content":{"rendered":"\n<p><strong><u>Civil k\u00f6z\u00f6ss\u00e9gek<\/u><\/strong><\/p>\n\n\n\n<p><strong>Margar\u00e9ta Kultur\u00e1lis Egyes\u00fclet<br><br><\/strong><u>Eln\u00f6k: Krajcz\u00e1r Zsuzsanna<br><br><\/u><strong><br>Pakodi Nyugd\u00edjasklub<br><br><\/strong><u>Eln\u00f6k: Martincsevics Istv\u00e1n<br><br><\/u><strong><br>Bugybor\u00e9k Egyes\u00fclet<br><br><\/strong><u>Eln\u00f6k: D\u00e9zsi \u00c1d\u00e1m<\/u><\/p>\n\n\n\n<p><strong>K\u00f6zm\u0171vel\u0151d\u00e9si asszisztens<br>\n<\/strong><u>Kr\u00e1nicz M\u00f3nika: <\/u>0630\/276-0353<\/p>\n","protected":false},"excerpt":{"rendered":"<p>Civil k\u00f6z\u00f6ss\u00e9gek Margar\u00e9ta Kultur\u00e1lis Egyes\u00fclet Eln\u00f6k: Krajcz\u00e1r Zsuzsanna Pakodi Nyugd\u00edjasklub Eln\u00f6k: Martincsevics Istv\u00e1n Bugybor\u00e9k Egyes\u00fclet Eln\u00f6k: D\u00e9zsi \u00c1d\u00e1m K\u00f6zm\u0171vel\u0151d\u00e9si asszisztens Kr\u00e1nicz M\u00f3nika: 0630\/276-0353<\/p>\n","protected":false},"author":1,"featured_media":0,"parent":0,"menu_order":0,"comment_status":"closed","ping_status":"closed","template":"","meta":{"footnotes":""},"class_list":["post-75","page","type-page","status-publish","hentry"],"_links":{"self":[{"href":"https:\/\/pakod.hu\/index.php\/wp-json\/wp\/v2\/pages\/75","targetHints":{"allow":["GET"]}}],"collection":[{"href":"https:\/\/pakod.hu\/index.php\/wp-json\/wp\/v2\/pages"}],"about":[{"href":"https:\/\/pakod.hu\/index.php\/wp-json\/wp\/v2\/types\/page"}],"author":[{"embeddable":true,"href":"https:\/\/pakod.hu\/index.php\/wp-json\/wp\/v2\/users\/1"}],"replies":[{"embeddable":true,"href":"https:\/\/pakod.hu\/index.php\/wp-json\/wp\/v2\/comments?post=75"}],"version-history":[{"count":5,"href":"https:\/\/pakod.hu\/index.php\/wp-json\/wp\/v2\/pages\/75\/revisions"}],"predecessor-version":[{"id":421,"href":"https:\/\/pakod.hu\/index.php\/wp-json\/wp\/v2\/pages\/75\/revisions\/421"}],"wp:attachment":[{"href":"https:\/\/pakod.hu\/index.php\/wp-json\/wp\/v2\/media?parent=75"}],"curies":[{"name":"wp","href":"https:\/\/api.w.org\/{rel}","templated":true}]}}