{"id":81,"date":"2024-03-21T14:15:38","date_gmt":"2024-03-21T14:15:38","guid":{"rendered":"https:\/\/pakod.hu\/?page_id=81"},"modified":"2024-03-21T14:15:38","modified_gmt":"2024-03-21T14:15:38","slug":"korabbi-valasztasok","status":"publish","type":"page","link":"https:\/\/pakod.hu\/index.php\/korabbi-valasztasok\/","title":{"rendered":"KOR\u00c1BBI V\u00c1LASZT\u00c1SOK"},"content":{"rendered":"","protected":false},"excerpt":{"rendered":"","protected":false},"author":1,"featured_media":0,"parent":0,"menu_order":0,"comment_status":"closed","ping_status":"closed","template":"","meta":{"footnotes":""},"class_list":["post-81","page","type-page","status-publish","hentry"],"_links":{"self":[{"href":"https:\/\/pakod.hu\/index.php\/wp-json\/wp\/v2\/pages\/81","targetHints":{"allow":["GET"]}}],"collection":[{"href":"https:\/\/pakod.hu\/index.php\/wp-json\/wp\/v2\/pages"}],"about":[{"href":"https:\/\/pakod.hu\/index.php\/wp-json\/wp\/v2\/types\/page"}],"author":[{"embeddable":true,"href":"https:\/\/pakod.hu\/index.php\/wp-json\/wp\/v2\/users\/1"}],"replies":[{"embeddable":true,"href":"https:\/\/pakod.hu\/index.php\/wp-json\/wp\/v2\/comments?post=81"}],"version-history":[{"count":1,"href":"https:\/\/pakod.hu\/index.php\/wp-json\/wp\/v2\/pages\/81\/revisions"}],"predecessor-version":[{"id":117,"href":"https:\/\/pakod.hu\/index.php\/wp-json\/wp\/v2\/pages\/81\/revisions\/117"}],"wp:attachment":[{"href":"https:\/\/pakod.hu\/index.php\/wp-json\/wp\/v2\/media?parent=81"}],"curies":[{"name":"wp","href":"https:\/\/api.w.org\/{rel}","templated":true}]}}